{"id":101,"date":"2014-10-31T16:56:34","date_gmt":"2014-10-31T14:56:34","guid":{"rendered":"http:\/\/ergotherapie-kreuztal.de\/?page_id=101"},"modified":"2014-10-31T16:56:34","modified_gmt":"2014-10-31T14:56:34","slug":"sensomotorisch-perzeptiv","status":"publish","type":"page","link":"https:\/\/ergotherapie-kreuztal.de\/?page_id=101","title":{"rendered":"sensomotorisch-perzeptiv"},"content":{"rendered":"<p>Eine sensomotorisch-perzeptive Behandlung dient der gezielten Therapie krankheitsbedingter St\u00f6rungen der sensomotorischen und perzeptiven Funktionen mit den daraus resultierenden F\u00e4higkeitsst\u00f6rungen. Sie umfasst insbesondere Ma\u00dfnahmen zum\/zur<\/p>\n<ul>\n<li>Desensibilisierung und Sensibilisierung einzelner Sinnesfunktionen,<\/li>\n<li>Koordination, Umsetzung und Integration von Sinneswahrnehmungen,<\/li>\n<li>Verbesserung der K\u00f6rperwahrnehmung,<\/li>\n<li>Hemmung und Abbau pathologischer Haltungs- und Bewegungsmuster und Bahnung normaler Bewegungen,<\/li>\n<li>Stabilisierung sensomotorischer und perzeptiver Funktionen mit Verbesserung der Gleichgewichtsfunktion,<\/li>\n<li>Kompensation eingeschr\u00e4nkter praktischer M\u00f6glichkeiten durch Verbesserung der kognitiven Funktionen, Erlernen von Ersatzfunktionen,<\/li>\n<li>Entwicklung und Verbesserung im situationsgerechten Verhalten und der zwischenmenschlichen Beziehungen,<\/li>\n<li>Erlangen der Grundarbeitsf\u00e4higkeiten,<\/li>\n<li>Verbesserung der Mund- und Essmotorik,<\/li>\n<li>Verbesserung der eigenst\u00e4ndigen Lebensf\u00fchrung, auch unter Einbeziehung technischer Hilfen.<\/li>\n<\/ul>\n<p>Die Behandlung kann als Einzel- oder Gruppenbehandlung verordnet werden.<\/p>\n","protected":false},"excerpt":{"rendered":"<p>Eine sensomotorisch-perzeptive Behandlung dient der gezielten Therapie krankheitsbedingter St\u00f6rungen der sensomotorischen und perzeptiven Funktionen mit den daraus resultierenden F\u00e4higkeitsst\u00f6rungen. Sie umfasst insbesondere Ma\u00dfnahmen zum\/zur Desensibilisierung und Sensibilisierung einzelner Sinnesfunktionen, Koordination, [&hellip;]<\/p>\n","protected":false},"author":3,"featured_media":0,"parent":0,"menu_order":3,"comment_status":"closed","ping_status":"open","template":"","meta":{"footnotes":""},"class_list":["post-101","page","type-page","status-publish","hentry"],"_links":{"self":[{"href":"https:\/\/ergotherapie-kreuztal.de\/index.php?rest_route=\/wp\/v2\/pages\/101","targetHints":{"allow":["GET"]}}],"collection":[{"href":"https:\/\/ergotherapie-kreuztal.de\/index.php?rest_route=\/wp\/v2\/pages"}],"about":[{"href":"https:\/\/ergotherapie-kreuztal.de\/index.php?rest_route=\/wp\/v2\/types\/page"}],"author":[{"embeddable":true,"href":"https:\/\/ergotherapie-kreuztal.de\/index.php?rest_route=\/wp\/v2\/users\/3"}],"replies":[{"embeddable":true,"href":"https:\/\/ergotherapie-kreuztal.de\/index.php?rest_route=%2Fwp%2Fv2%2Fcomments&post=101"}],"version-history":[{"count":0,"href":"https:\/\/ergotherapie-kreuztal.de\/index.php?rest_route=\/wp\/v2\/pages\/101\/revisions"}],"wp:attachment":[{"href":"https:\/\/ergotherapie-kreuztal.de\/index.php?rest_route=%2Fwp%2Fv2%2Fmedia&parent=101"}],"curies":[{"name":"wp","href":"https:\/\/api.w.org\/{rel}","templated":true}]}}