{"id":103,"date":"2014-10-31T16:57:11","date_gmt":"2014-10-31T14:57:11","guid":{"rendered":"http:\/\/ergotherapie-kreuztal.de\/?page_id=103"},"modified":"2014-10-31T16:57:11","modified_gmt":"2014-10-31T14:57:11","slug":"hirnleistungstraining","status":"publish","type":"page","link":"https:\/\/ergotherapie-kreuztal.de\/?page_id=103","title":{"rendered":"Hirnleistungstraining"},"content":{"rendered":"<p>Ein Hirnleistungstraining \/ eine neuropsychologisch orientierte Behandlung, dient der gezielten Therapie krankheitsbedingter St\u00f6rungen der neuropsychologischen Hirnfunktionen, insbesondere der kognitiven St\u00f6rungen und der daraus resultierenden F\u00e4higkeitsst\u00f6rungen. Sie umfasst insbesondere Ma\u00dfnahmen zum\/zur<\/p>\n<ul>\n<li>Verbesserung und Erhalt kognitiver Funktionen wie Konzentration, Merkf\u00e4higkeit, Aufmerksamkeit, Orientierung, Ged\u00e4chtnis sowie Handlungsplanung und Probleml\u00f6sung,<\/li>\n<li>Erlangen der Grundarbeitsf\u00e4higkeiten,<\/li>\n<li>Verbesserung der eigenst\u00e4ndigen Lebensf\u00fchrung, auch unter Einbeziehung technischer Hilfen.Die neuropsychologisch orientierte Behandlung wird ausschlie\u00dflich als Einzeltherapieverordnet.<\/li>\n<\/ul>\n<p>Das Hirnleistungstraining kann als Einzel- oder Gruppenbehandlung verordnet werden.<\/p>\n<p>&nbsp;<\/p>\n<p><a href=\"http:\/\/ergotherapie-kreuztal.de\/wp-content\/uploads\/2014\/10\/P1170807.jpg\"><img loading=\"lazy\" decoding=\"async\" class=\"alignleft  wp-image-429\" src=\"http:\/\/ergotherapie-kreuztal.de\/wp-content\/uploads\/2014\/10\/P1170807-300x225.jpg\" alt=\"P1170807\" width=\"377\" height=\"283\" \/><\/a><\/p>\n","protected":false},"excerpt":{"rendered":"<p>Ein Hirnleistungstraining \/ eine neuropsychologisch orientierte Behandlung, dient der gezielten Therapie krankheitsbedingter St\u00f6rungen der neuropsychologischen Hirnfunktionen, insbesondere der kognitiven St\u00f6rungen und der daraus resultierenden F\u00e4higkeitsst\u00f6rungen. Sie umfasst insbesondere Ma\u00dfnahmen zum\/zur [&hellip;]<\/p>\n","protected":false},"author":3,"featured_media":0,"parent":0,"menu_order":5,"comment_status":"closed","ping_status":"open","template":"","meta":{"footnotes":""},"class_list":["post-103","page","type-page","status-publish","hentry"],"_links":{"self":[{"href":"https:\/\/ergotherapie-kreuztal.de\/index.php?rest_route=\/wp\/v2\/pages\/103","targetHints":{"allow":["GET"]}}],"collection":[{"href":"https:\/\/ergotherapie-kreuztal.de\/index.php?rest_route=\/wp\/v2\/pages"}],"about":[{"href":"https:\/\/ergotherapie-kreuztal.de\/index.php?rest_route=\/wp\/v2\/types\/page"}],"author":[{"embeddable":true,"href":"https:\/\/ergotherapie-kreuztal.de\/index.php?rest_route=\/wp\/v2\/users\/3"}],"replies":[{"embeddable":true,"href":"https:\/\/ergotherapie-kreuztal.de\/index.php?rest_route=%2Fwp%2Fv2%2Fcomments&post=103"}],"version-history":[{"count":0,"href":"https:\/\/ergotherapie-kreuztal.de\/index.php?rest_route=\/wp\/v2\/pages\/103\/revisions"}],"wp:attachment":[{"href":"https:\/\/ergotherapie-kreuztal.de\/index.php?rest_route=%2Fwp%2Fv2%2Fmedia&parent=103"}],"curies":[{"name":"wp","href":"https:\/\/api.w.org\/{rel}","templated":true}]}}