{"id":1041,"date":"2023-02-14T16:13:37","date_gmt":"2023-02-14T16:13:37","guid":{"rendered":"https:\/\/ergotherapie-kreuztal.de\/?page_id=1041"},"modified":"2023-02-14T16:18:04","modified_gmt":"2023-02-14T16:18:04","slug":"das-sind-wir","status":"publish","type":"page","link":"https:\/\/ergotherapie-kreuztal.de\/?page_id=1041","title":{"rendered":"Das sind wir&#8230;."},"content":{"rendered":"\n<p>Kaum zu glauben, sage ich immer.<\/p>\n\n\n\n<p>Wie sind wir gewachsen in den letzten Jahren. Hier waren wir endlich mal alle (fast) komplett auf dem Bild und Dank unserer Auszubildenden gab\u00b4s ein Bild.<\/p>\n\n\n\n<p>Trotz &#8220;getrennten&#8221; Praxen treffen wir uns regelm\u00e4\u00dfig im gro\u00dfen Team und finden es auch wichtig, gemeinsam Zeit zu verbringen. Ich hoffe, man sp\u00fcrt unsere Atmosph\u00e4re&#8230;<\/p>\n\n\n\n<figure class=\"wp-block-image size-large is-style-default\"><img decoding=\"async\" src=\"https:\/\/ergotherapie-kreuztal.de\/wp-content\/uploads\/2023\/02\/20230201_085054_Original-scaled-e1676369869352-1024x441.jpg\" alt=\"\" class=\"wp-image-998\"\/><\/figure>\n","protected":false},"excerpt":{"rendered":"<p>Kaum zu glauben, sage ich immer. Wie sind wir gewachsen in den letzten Jahren. Hier waren wir endlich mal alle (fast) komplett auf dem Bild und Dank unserer Auszubildenden gab\u00b4s [&hellip;]<\/p>\n","protected":false},"author":1,"featured_media":998,"parent":0,"menu_order":0,"comment_status":"closed","ping_status":"closed","template":"","meta":{"footnotes":""},"class_list":["post-1041","page","type-page","status-publish","has-post-thumbnail","hentry"],"_links":{"self":[{"href":"https:\/\/ergotherapie-kreuztal.de\/index.php?rest_route=\/wp\/v2\/pages\/1041","targetHints":{"allow":["GET"]}}],"collection":[{"href":"https:\/\/ergotherapie-kreuztal.de\/index.php?rest_route=\/wp\/v2\/pages"}],"about":[{"href":"https:\/\/ergotherapie-kreuztal.de\/index.php?rest_route=\/wp\/v2\/types\/page"}],"author":[{"embeddable":true,"href":"https:\/\/ergotherapie-kreuztal.de\/index.php?rest_route=\/wp\/v2\/users\/1"}],"replies":[{"embeddable":true,"href":"https:\/\/ergotherapie-kreuztal.de\/index.php?rest_route=%2Fwp%2Fv2%2Fcomments&post=1041"}],"version-history":[{"count":3,"href":"https:\/\/ergotherapie-kreuztal.de\/index.php?rest_route=\/wp\/v2\/pages\/1041\/revisions"}],"predecessor-version":[{"id":1047,"href":"https:\/\/ergotherapie-kreuztal.de\/index.php?rest_route=\/wp\/v2\/pages\/1041\/revisions\/1047"}],"wp:featuredmedia":[{"embeddable":true,"href":"https:\/\/ergotherapie-kreuztal.de\/index.php?rest_route=\/wp\/v2\/media\/998"}],"wp:attachment":[{"href":"https:\/\/ergotherapie-kreuztal.de\/index.php?rest_route=%2Fwp%2Fv2%2Fmedia&parent=1041"}],"curies":[{"name":"wp","href":"https:\/\/api.w.org\/{rel}","templated":true}]}}