{"id":105,"date":"2014-10-31T16:57:41","date_gmt":"2014-10-31T14:57:41","guid":{"rendered":"http:\/\/ergotherapie-kreuztal.de\/?page_id=105"},"modified":"2014-10-31T16:57:41","modified_gmt":"2014-10-31T14:57:41","slug":"psychisch-funktionell","status":"publish","type":"page","link":"https:\/\/ergotherapie-kreuztal.de\/?page_id=105","title":{"rendered":"psychisch-funktionell"},"content":{"rendered":"<ul>\n<li>Eine psychisch-funktionelle Behandlung dient der gezielten Therapie krankheitsbedingter St\u00f6rungen der psychosozialen und sozioemotionalen Funktionen und den daraus resultierenden F\u00e4higkeitsst\u00f6rungen. Sie umfasst insbesondere Ma\u00dfnahmen zum\/zur<\/li>\n<li>Verbesserung und Stabilisierung der psychischen Grundleistungsfunktionen wie Antrieb, Motivation, Belastbarkeit, Ausdauer, Flexibilit\u00e4t und Selbst\u00e4ndigkeit in der Tagesstrukturierung,<\/li>\n<li>Verbesserung eingeschr\u00e4nkter k\u00f6rperlicher Funktionen wie Grob- und Feinmotorik, Koordination und K\u00f6rperwahrnehmung,<\/li>\n<li>Verbesserung der K\u00f6rperwahrnehmung und Wahrnehmungsverarbeitung,<\/li>\n<li>Verbesserung der Realit\u00e4tsbezogenheit, der Selbst- und Fremdwahrnehmung,<\/li>\n<li>Verbesserung des situationsgerechten Verhaltens, auch der sozioemotionalen Kompetenz und lnteraktionsf\u00e4higkeit,<\/li>\n<li>Verbesserung der kognitiven Funktionen,<\/li>\n<li>Verbesserung der psychischen Stabilisierung und des Selbstvertrauens,<\/li>\n<li>Verbesserung der eigenst\u00e4ndigen Lebensf\u00fchrung und der Grundarbeitsf\u00e4higkeiten.<\/li>\n<\/ul>\n<p>Die psychisch-funktionelle Behandlung kann als Einzel- oder Gruppenbehandlung verordnet werden.<\/p>\n","protected":false},"excerpt":{"rendered":"<p>Eine psychisch-funktionelle Behandlung dient der gezielten Therapie krankheitsbedingter St\u00f6rungen der psychosozialen und sozioemotionalen Funktionen und den daraus resultierenden F\u00e4higkeitsst\u00f6rungen. Sie umfasst insbesondere Ma\u00dfnahmen zum\/zur Verbesserung und Stabilisierung der psychischen Grundleistungsfunktionen [&hellip;]<\/p>\n","protected":false},"author":3,"featured_media":0,"parent":0,"menu_order":7,"comment_status":"closed","ping_status":"open","template":"","meta":{"footnotes":""},"class_list":["post-105","page","type-page","status-publish","hentry"],"_links":{"self":[{"href":"https:\/\/ergotherapie-kreuztal.de\/index.php?rest_route=\/wp\/v2\/pages\/105","targetHints":{"allow":["GET"]}}],"collection":[{"href":"https:\/\/ergotherapie-kreuztal.de\/index.php?rest_route=\/wp\/v2\/pages"}],"about":[{"href":"https:\/\/ergotherapie-kreuztal.de\/index.php?rest_route=\/wp\/v2\/types\/page"}],"author":[{"embeddable":true,"href":"https:\/\/ergotherapie-kreuztal.de\/index.php?rest_route=\/wp\/v2\/users\/3"}],"replies":[{"embeddable":true,"href":"https:\/\/ergotherapie-kreuztal.de\/index.php?rest_route=%2Fwp%2Fv2%2Fcomments&post=105"}],"version-history":[{"count":0,"href":"https:\/\/ergotherapie-kreuztal.de\/index.php?rest_route=\/wp\/v2\/pages\/105\/revisions"}],"wp:attachment":[{"href":"https:\/\/ergotherapie-kreuztal.de\/index.php?rest_route=%2Fwp%2Fv2%2Fmedia&parent=105"}],"curies":[{"name":"wp","href":"https:\/\/api.w.org\/{rel}","templated":true}]}}