{"id":109,"date":"2014-10-31T17:02:09","date_gmt":"2014-10-31T15:02:09","guid":{"rendered":"http:\/\/ergotherapie-kreuztal.de\/?page_id=109"},"modified":"2014-10-31T17:02:09","modified_gmt":"2014-10-31T15:02:09","slug":"ergaenzende-heilmittel","status":"publish","type":"page","link":"https:\/\/ergotherapie-kreuztal.de\/?page_id=109","title":{"rendered":"erg\u00e4nzende Heilmittel"},"content":{"rendered":"<p>Thermische Anwendungen<\/p>\n<p>W\u00e4rme- und K\u00e4ltetherapie sind zus\u00e4tzlich zu einer motorisch-funktionellen oder sensomotorisch-perzeptiven Behandlung als erg\u00e4nzendes Heimlmittel dann verordnungsf\u00e4hig, wenn sie einer notwendigen Schmerzreduzierung bzw. Muskeltonusregulation dient.<\/p>\n<p>Sprechen Sie uns einfach an, ob eine Verordnung dieses Heilmittels bei Ihrer Erkrankung Sinn macht.<\/p>\n<p>&nbsp;<\/p>\n<p>Schienenbau<\/p>\n<p>Sind zu einer motorisch-funktionellen oder sensomotorisch-perzeptiven Behandlung erg\u00e4nzend tempor\u00e4re ergotherapeutische Schienen notwendig, k\u00f6nnen diese gesondert verordnet werden. Unsere Schiene im \u00dcbberblick sehen Sie <a href=\"http:\/\/ergotherapie-kreuztal.de\/?page_id=171\">hier.<\/a><\/p>\n<p>&nbsp;<\/p>\n<p>&nbsp;<\/p>\n","protected":false},"excerpt":{"rendered":"<p>Thermische Anwendungen W\u00e4rme- und K\u00e4ltetherapie sind zus\u00e4tzlich zu einer motorisch-funktionellen oder sensomotorisch-perzeptiven Behandlung als erg\u00e4nzendes Heimlmittel dann verordnungsf\u00e4hig, wenn sie einer notwendigen Schmerzreduzierung bzw. Muskeltonusregulation dient. Sprechen Sie uns einfach [&hellip;]<\/p>\n","protected":false},"author":3,"featured_media":0,"parent":0,"menu_order":9,"comment_status":"closed","ping_status":"open","template":"","meta":{"footnotes":""},"class_list":["post-109","page","type-page","status-publish","hentry"],"_links":{"self":[{"href":"https:\/\/ergotherapie-kreuztal.de\/index.php?rest_route=\/wp\/v2\/pages\/109","targetHints":{"allow":["GET"]}}],"collection":[{"href":"https:\/\/ergotherapie-kreuztal.de\/index.php?rest_route=\/wp\/v2\/pages"}],"about":[{"href":"https:\/\/ergotherapie-kreuztal.de\/index.php?rest_route=\/wp\/v2\/types\/page"}],"author":[{"embeddable":true,"href":"https:\/\/ergotherapie-kreuztal.de\/index.php?rest_route=\/wp\/v2\/users\/3"}],"replies":[{"embeddable":true,"href":"https:\/\/ergotherapie-kreuztal.de\/index.php?rest_route=%2Fwp%2Fv2%2Fcomments&post=109"}],"version-history":[{"count":0,"href":"https:\/\/ergotherapie-kreuztal.de\/index.php?rest_route=\/wp\/v2\/pages\/109\/revisions"}],"wp:attachment":[{"href":"https:\/\/ergotherapie-kreuztal.de\/index.php?rest_route=%2Fwp%2Fv2%2Fmedia&parent=109"}],"curies":[{"name":"wp","href":"https:\/\/api.w.org\/{rel}","templated":true}]}}