{"id":12,"date":"2014-10-23T09:54:36","date_gmt":"2014-10-23T07:54:36","guid":{"rendered":"http:\/\/ergotherapie-kreuztal.de\/?page_id=12"},"modified":"2021-06-19T11:45:46","modified_gmt":"2021-06-19T11:45:46","slug":"impressum","status":"publish","type":"page","link":"https:\/\/ergotherapie-kreuztal.de\/?page_id=12","title":{"rendered":"Impressum"},"content":{"rendered":"<h2>Angaben gem\u00e4\u00df \u00a7 5 TMG:<\/h2>\n<h2>Postadresse:<\/h2>\n<p>Ergotherapeutische Praxis<br \/>\nMarion B\u00e4umer<br \/>\nSiegener Str. 1<br \/>\n57223 Kreuztal<\/p>\n<p>Telefon: +49 (0) 2732 57319<br \/>\nTelefax: +49 (0) 2732 4861<br \/>\nE-Mail: info(at)ergotherapie-kreuztal.de<\/p>\n<h4>Zweitpraxis:<\/h4>\n<p>in Siegen<br \/>\nFriedrichstr. 125<br \/>\n57072 Siegen<\/p>\n<p>Telefon: +49 (0) 271 3133 9094<br \/>\nTelefax: +49 (0) 271 3133 9095<br \/>\nE-Mail: info(at)ergotherapie-siegen.de<\/p>\n<h2>Berufsbezeichnung und berufsrechtliche Regelungen<\/h2>\n<p>Berufsbezeichnung: Ergotherapeut<\/p>\n<p>Es gelten folgende berufsrechtliche Regelungen: Ergotherapeutengesetz ErgThG<br \/>\nRegelungen einsehbar unter:\u00a0<a href=\"https:\/\/www.gesetze-im-internet.de\/bearbthg\/ErgThG.pdf\">https:\/\/www.gesetze-im-internet.de\/bearbthg\/ErgThG.pdf<\/a><\/p>\n<div><span style=\"color: #333333;\"><strong>Verantwortlich f\u00fcr den Inhalt nach \u00a7 55 Abs. 2 RStV:<\/strong><\/span><\/div>\n<div>Marion B\u00e4umer<\/div>\n<div>Siegener Str. 1<\/div>\n<div>57223 Kreuztal<\/div>\n<h2><\/h2>\n<h2>Angaben zur Berufshaftpflichtversicherung<\/h2>\n<p>Name und Sitz des Versicherers:<br \/>\nDEVK Versicherungen<br \/>\nPostfach 131754<br \/>\n42044 Wuppertal<\/p>\n<p>Geltungsraum der Versicherung: Deutschland<\/p>\n<h2>Streitschlichtung<\/h2>\n<p>Wir sind nicht bereit oder verpflichtet, an Streitbeilegungsverfahren vor einer Verbraucherschlichtungsstelle teilzunehmen.<\/p>\n<p>Quelle:\u00a0<a href=\"http:\/\/www.anwalt.de\/\" rel=\"nofollow\">Impressum-Generator von anwalt.de<\/a><\/p>\n<p>Haftungshinweis: Trotz sorgf\u00e4ltiger inhaltlicher Kontrolle \u00fcbernehmen wir keine Haftung f\u00fcr die Inhalte externer Links. F\u00fcr den Inhalt der verlinkten Seiten sind ausschlie\u00dflich deren Betreiber verantwortlich.<\/p>\n","protected":false},"excerpt":{"rendered":"<p>Angaben gem\u00e4\u00df \u00a7 5 TMG: Postadresse: Ergotherapeutische Praxis Marion B\u00e4umer Siegener Str. 1 57223 Kreuztal Telefon: +49 (0) 2732 57319 Telefax: +49 (0) 2732 4861 E-Mail: info(at)ergotherapie-kreuztal.de Zweitpraxis: in Siegen [&hellip;]<\/p>\n","protected":false},"author":2,"featured_media":0,"parent":0,"menu_order":10,"comment_status":"closed","ping_status":"closed","template":"","meta":{"footnotes":""},"class_list":["post-12","page","type-page","status-publish","hentry"],"_links":{"self":[{"href":"https:\/\/ergotherapie-kreuztal.de\/index.php?rest_route=\/wp\/v2\/pages\/12","targetHints":{"allow":["GET"]}}],"collection":[{"href":"https:\/\/ergotherapie-kreuztal.de\/index.php?rest_route=\/wp\/v2\/pages"}],"about":[{"href":"https:\/\/ergotherapie-kreuztal.de\/index.php?rest_route=\/wp\/v2\/types\/page"}],"author":[{"embeddable":true,"href":"https:\/\/ergotherapie-kreuztal.de\/index.php?rest_route=\/wp\/v2\/users\/2"}],"replies":[{"embeddable":true,"href":"https:\/\/ergotherapie-kreuztal.de\/index.php?rest_route=%2Fwp%2Fv2%2Fcomments&post=12"}],"version-history":[{"count":1,"href":"https:\/\/ergotherapie-kreuztal.de\/index.php?rest_route=\/wp\/v2\/pages\/12\/revisions"}],"predecessor-version":[{"id":750,"href":"https:\/\/ergotherapie-kreuztal.de\/index.php?rest_route=\/wp\/v2\/pages\/12\/revisions\/750"}],"wp:attachment":[{"href":"https:\/\/ergotherapie-kreuztal.de\/index.php?rest_route=%2Fwp%2Fv2%2Fmedia&parent=12"}],"curies":[{"name":"wp","href":"https:\/\/api.w.org\/{rel}","templated":true}]}}