{"id":131,"date":"2014-10-31T17:47:32","date_gmt":"2014-10-31T15:47:32","guid":{"rendered":"http:\/\/ergotherapie-kreuztal.de\/?page_id=131"},"modified":"2014-10-31T17:47:32","modified_gmt":"2014-10-31T15:47:32","slug":"sensorische-integration","status":"publish","type":"page","link":"https:\/\/ergotherapie-kreuztal.de\/?page_id=131","title":{"rendered":"sensorische Integration"},"content":{"rendered":"<p>Sensorische Integration (SI) ist ein anderes Wort f\u00fcr Wahrnehmungsverarbeitung. Es dr\u00fcckt aus, dass ein Mensch mit seinem Nervensystem die aufgenommenen Informationen aus den Sinnessystemen so f\u00fcr sich nutzt, dass er situativ angemessen handeln kann.<\/p>\n<p>Diese Behandlungsmethode greift bei St\u00f6rungen dieses Prozesses ein. Vorwiegend findet sie Anwendung in der P\u00e4diatrie, kann aber auch in anderen Fachbereichen der Ergotherapie genutzt werden.<\/p>\n<p><b>Wie wirkt die Sensorische Integrationstherapie ?<\/b><\/p>\n<p>Diese Methode hilft, die Aufnahme der Sinneswahrnehmungen zu strukturieren und unterst\u00fctzt so auch die Vernetzung der Wahrnehmungen im Gehirn. Damit kann eine verbesserte Handlungsf\u00e4higkeit erreicht werden.<\/p>\n<p>Eltern und Angeh\u00f6rige werden in die Behandlung mit einbezogen, damit auch das Umfeld die Behandlung weiter unterst\u00fctzen kann.<\/p>\n<p><b>Was wird gemacht ?<\/b><\/p>\n<p>Auf verschiedenen Ger\u00e4ten und mit unterschiedlichen Materialien verbessert das Kind seine Wahrnehmung, Bewegung und Koordination, z.B. liegt ein Kind b\u00e4uchlings in der H\u00e4ngematte und schl\u00e4gt mit Schwung einen Luftballon an. Damit wird z.B. eine starke Beschleunigung ausge\u00fcbt, was dem Kind hilft, eine bessere K\u00f6rperspannung aufzubauen und Kopf und Rumpf besser zu halten.<\/p>\n<p><a href=\"http:\/\/www.ergotherapie-kreuztal.de\/index.php?Ergotherapie:Methoden:Handwerk\">Handwerklich-gestalterische Techniken<\/a> werden genutzt, um verschiedene Sinneserfahrungen zu machen und die Handlungsablaufe ganz praktisch zu be\u00fcben. Auch die Arbeit in der <a href=\"http:\/\/ergotherapie-kreuztal.de\/?page_id=139\">K\u00fcche <\/a>ist ein wichtiger Schritt zu mehr Selbst\u00e4ndigkeit.<\/p>\n","protected":false},"excerpt":{"rendered":"<p>Sensorische Integration (SI) ist ein anderes Wort f\u00fcr Wahrnehmungsverarbeitung. Es dr\u00fcckt aus, dass ein Mensch mit seinem Nervensystem die aufgenommenen Informationen aus den Sinnessystemen so f\u00fcr sich nutzt, dass er [&hellip;]<\/p>\n","protected":false},"author":3,"featured_media":0,"parent":97,"menu_order":0,"comment_status":"closed","ping_status":"open","template":"","meta":{"footnotes":""},"class_list":["post-131","page","type-page","status-publish","hentry"],"_links":{"self":[{"href":"https:\/\/ergotherapie-kreuztal.de\/index.php?rest_route=\/wp\/v2\/pages\/131","targetHints":{"allow":["GET"]}}],"collection":[{"href":"https:\/\/ergotherapie-kreuztal.de\/index.php?rest_route=\/wp\/v2\/pages"}],"about":[{"href":"https:\/\/ergotherapie-kreuztal.de\/index.php?rest_route=\/wp\/v2\/types\/page"}],"author":[{"embeddable":true,"href":"https:\/\/ergotherapie-kreuztal.de\/index.php?rest_route=\/wp\/v2\/users\/3"}],"replies":[{"embeddable":true,"href":"https:\/\/ergotherapie-kreuztal.de\/index.php?rest_route=%2Fwp%2Fv2%2Fcomments&post=131"}],"version-history":[{"count":0,"href":"https:\/\/ergotherapie-kreuztal.de\/index.php?rest_route=\/wp\/v2\/pages\/131\/revisions"}],"up":[{"embeddable":true,"href":"https:\/\/ergotherapie-kreuztal.de\/index.php?rest_route=\/wp\/v2\/pages\/97"}],"wp:attachment":[{"href":"https:\/\/ergotherapie-kreuztal.de\/index.php?rest_route=%2Fwp%2Fv2%2Fmedia&parent=131"}],"curies":[{"name":"wp","href":"https:\/\/api.w.org\/{rel}","templated":true}]}}