{"id":133,"date":"2014-10-31T17:48:20","date_gmt":"2014-10-31T15:48:20","guid":{"rendered":"http:\/\/ergotherapie-kreuztal.de\/?page_id=133"},"modified":"2014-10-31T17:48:20","modified_gmt":"2014-10-31T15:48:20","slug":"handwerk","status":"publish","type":"page","link":"https:\/\/ergotherapie-kreuztal.de\/?page_id=133","title":{"rendered":"Handwerk"},"content":{"rendered":"<h3>Die Anwendung von Handwerk in der Ergotherapie<\/h3>\n<p>Handwerk als Technik spielt in der Ergotherapie eine wichtige Rolle. So k\u00f6nnen \u00fcber ein bestimmtes Werkst\u00fcck viele F\u00e4hig- und Fertigkeiten be\u00fcbt und wiedererlernt werden. Dabei spielen das Erfolgserlebnis und die Motivation durch die praktische T\u00e4tigkeit eine tragende Funktion.<br \/>\nZum Beispiel kann das Flechten eines Korbes dazu beitragen, die Feinmotorik und die visuelle Wahrnehmung eines Kindes zu verbessern.<\/p>\n","protected":false},"excerpt":{"rendered":"<p>Die Anwendung von Handwerk in der Ergotherapie Handwerk als Technik spielt in der Ergotherapie eine wichtige Rolle. So k\u00f6nnen \u00fcber ein bestimmtes Werkst\u00fcck viele F\u00e4hig- und Fertigkeiten be\u00fcbt und wiedererlernt [&hellip;]<\/p>\n","protected":false},"author":3,"featured_media":0,"parent":97,"menu_order":0,"comment_status":"closed","ping_status":"open","template":"","meta":{"footnotes":""},"class_list":["post-133","page","type-page","status-publish","hentry"],"_links":{"self":[{"href":"https:\/\/ergotherapie-kreuztal.de\/index.php?rest_route=\/wp\/v2\/pages\/133","targetHints":{"allow":["GET"]}}],"collection":[{"href":"https:\/\/ergotherapie-kreuztal.de\/index.php?rest_route=\/wp\/v2\/pages"}],"about":[{"href":"https:\/\/ergotherapie-kreuztal.de\/index.php?rest_route=\/wp\/v2\/types\/page"}],"author":[{"embeddable":true,"href":"https:\/\/ergotherapie-kreuztal.de\/index.php?rest_route=\/wp\/v2\/users\/3"}],"replies":[{"embeddable":true,"href":"https:\/\/ergotherapie-kreuztal.de\/index.php?rest_route=%2Fwp%2Fv2%2Fcomments&post=133"}],"version-history":[{"count":0,"href":"https:\/\/ergotherapie-kreuztal.de\/index.php?rest_route=\/wp\/v2\/pages\/133\/revisions"}],"up":[{"embeddable":true,"href":"https:\/\/ergotherapie-kreuztal.de\/index.php?rest_route=\/wp\/v2\/pages\/97"}],"wp:attachment":[{"href":"https:\/\/ergotherapie-kreuztal.de\/index.php?rest_route=%2Fwp%2Fv2%2Fmedia&parent=133"}],"curies":[{"name":"wp","href":"https:\/\/api.w.org\/{rel}","templated":true}]}}