{"id":137,"date":"2014-10-31T17:49:05","date_gmt":"2014-10-31T15:49:05","guid":{"rendered":"http:\/\/ergotherapie-kreuztal.de\/?page_id=137"},"modified":"2014-10-31T17:49:05","modified_gmt":"2014-10-31T15:49:05","slug":"manuelle-therapie","status":"publish","type":"page","link":"https:\/\/ergotherapie-kreuztal.de\/?page_id=137","title":{"rendered":"manuelle Therapie"},"content":{"rendered":"<p>Die <b>manuelle Therapie<\/b> dient in der Medizin zur Behandlung von Funktionsst\u00f6rungen des\u00a0Bewegungsapparats (Gelenke, Muskeln und Nerven)<\/p>\n<p>Bei der Manuellen Therapie handelt es sich um spezielle Handgrifftechniken, die im Rahmen des Befundes dazu dienen, eine Bewegungsst\u00f6rung im Bereich der Extremit\u00e4tengelenke oder der Wirbels\u00e4ule zu lokalisieren und zu analysieren. Dieser Befund dient als Grundlage zu den therapeutischen Handgriffen, die ein Physiotherapeut als sogenannte Mobilisation durchf\u00fchrt.<\/p>\n<figure id=\"attachment_356\" aria-describedby=\"caption-attachment-356\" style=\"width: 347px\" class=\"wp-caption alignleft\"><a href=\"http:\/\/ergotherapie-kreuztal.de\/wp-content\/uploads\/2014\/10\/P1170595.jpg\"><img loading=\"lazy\" decoding=\"async\" class=\"wp-image-356 \" src=\"http:\/\/ergotherapie-kreuztal.de\/wp-content\/uploads\/2014\/10\/P1170595-300x225.jpg\" alt=\"P1170595\" width=\"347\" height=\"260\" \/><\/a><figcaption id=\"caption-attachment-356\" class=\"wp-caption-text\">&#8220;Arbeit&#8221; am Gelenkspalt<\/figcaption><\/figure>\n<p class=\"bodytext\">Die Manuelle Therapie gilt als besonders wirkungsvoll und zugleich schonend f\u00fcr<\/p>\n<ul>\n<li>Gelenke der Gliedma\u00dfen<\/li>\n<li>Gelenke der Wirbels\u00e4ule<\/li>\n<li>Kopf- und Kiefergelenk<\/li>\n<li>Gelenke am Brustkorb und Becken<\/li>\n<\/ul>\n<p class=\"bodytext\">Passend zur Anatomie des betroffenen Gelenks w\u00e4hlt der Manualtherapeut spezielle Handgriffe und Bewegungstrechniken aus &#8211; je nach Art der Beschwerden.<\/p>\n<p class=\"bodytext\">Die Techniken eignen sich dabei sowohl zur Schmerzlinderung, als auch zur Mobilisation von Bewegungseinschr\u00e4nkungen. Voraussetzung ist, dass die Einschr\u00e4nkungen durch eine reversible Funktionsst\u00f6rung des Gelenks oder der diesem Gelenk zugeh\u00f6rigen Muskulatur hervorgerufen werden. Die Auswahl der jeweiligen Mobilisationstechniken, die der Physiotherapeut einsetzt, wird bestimmt durch den Befund, die eingeschr\u00e4nkte Bewegungsrichtung und die Form des Gelenks.<\/p>\n<p>Quelle:\u00a0http:\/\/www.physio-verband.de\/patienteninformationen\/methodenkonzepte\/manuelle-therapie.html<\/p>\n<p>&nbsp;<\/p>\n","protected":false},"excerpt":{"rendered":"<p>Die manuelle Therapie dient in der Medizin zur Behandlung von Funktionsst\u00f6rungen des\u00a0Bewegungsapparats (Gelenke, Muskeln und Nerven) Bei der Manuellen Therapie handelt es sich um spezielle Handgrifftechniken, die im Rahmen des [&hellip;]<\/p>\n","protected":false},"author":3,"featured_media":0,"parent":97,"menu_order":0,"comment_status":"closed","ping_status":"open","template":"","meta":{"footnotes":""},"class_list":["post-137","page","type-page","status-publish","hentry"],"_links":{"self":[{"href":"https:\/\/ergotherapie-kreuztal.de\/index.php?rest_route=\/wp\/v2\/pages\/137","targetHints":{"allow":["GET"]}}],"collection":[{"href":"https:\/\/ergotherapie-kreuztal.de\/index.php?rest_route=\/wp\/v2\/pages"}],"about":[{"href":"https:\/\/ergotherapie-kreuztal.de\/index.php?rest_route=\/wp\/v2\/types\/page"}],"author":[{"embeddable":true,"href":"https:\/\/ergotherapie-kreuztal.de\/index.php?rest_route=\/wp\/v2\/users\/3"}],"replies":[{"embeddable":true,"href":"https:\/\/ergotherapie-kreuztal.de\/index.php?rest_route=%2Fwp%2Fv2%2Fcomments&post=137"}],"version-history":[{"count":0,"href":"https:\/\/ergotherapie-kreuztal.de\/index.php?rest_route=\/wp\/v2\/pages\/137\/revisions"}],"up":[{"embeddable":true,"href":"https:\/\/ergotherapie-kreuztal.de\/index.php?rest_route=\/wp\/v2\/pages\/97"}],"wp:attachment":[{"href":"https:\/\/ergotherapie-kreuztal.de\/index.php?rest_route=%2Fwp%2Fv2%2Fmedia&parent=137"}],"curies":[{"name":"wp","href":"https:\/\/api.w.org\/{rel}","templated":true}]}}