{"id":139,"date":"2014-10-31T17:49:48","date_gmt":"2014-10-31T15:49:48","guid":{"rendered":"http:\/\/ergotherapie-kreuztal.de\/?page_id=139"},"modified":"2014-10-31T17:49:48","modified_gmt":"2014-10-31T15:49:48","slug":"adaptive-verfahren","status":"publish","type":"page","link":"https:\/\/ergotherapie-kreuztal.de\/?page_id=139","title":{"rendered":"Adaptive Verfahren"},"content":{"rendered":"<p>Unter Adaption versteht man das Anpassungsverm\u00f6gen. Hier nutzt die Ergotherapie die vorhandenen F\u00e4higkeiten des Patienten, um trotz der Erkrankung selbst\u00e4ndig zu werden und zu bleiben.<\/p>\n<p>z.B. durch folgende M\u00f6glichkeiten:<\/p>\n<div><b>Selbsthilfetraining &#8211; Aktivit\u00e4ten des t\u00e4glichen Lebens [ADL]<\/b><\/div>\n<div>Funktionen werden trainiert und Kompensationsm\u00f6glichkeiten entdeckt. Dies wird an allt\u00e4glichen Handlungen (z.B. das Schmieren eines Butterbrots nach einem Schlaganfall) ge\u00fcbt und kann von den Patienten dann selbst\u00e4ndig weitergef\u00fchrt werden.<\/div>\n<div><\/div>\n<div><\/div>\n<div><b>\u00c4nderung des Bewegungsverhaltens \/ Pr\u00e4vention<\/b><\/div>\n<div>Hier wird z.B. R\u00fcckenschule oder Gelenkschutztraining als Ma\u00dfnahme mit dem Patienten erarbeitet.<\/div>\n<div><\/div>\n<div>\n<figure id=\"attachment_338\" aria-describedby=\"caption-attachment-338\" style=\"width: 300px\" class=\"wp-caption alignleft\"><a href=\"http:\/\/ergotherapie-kreuztal.de\/wp-content\/uploads\/2014\/10\/Einh\u00e4nderbrett-und-Messer-mit-Griffverdickung.jpg\"><img loading=\"lazy\" decoding=\"async\" class=\"wp-image-338 size-medium\" src=\"http:\/\/ergotherapie-kreuztal.de\/wp-content\/uploads\/2014\/10\/Einh\u00e4nderbrett-und-Messer-mit-Griffverdickung-300x225.jpg\" alt=\"Einh\u00e4nderbrett und Messer mit Griffverdickung\" width=\"300\" height=\"225\" \/><\/a><figcaption id=\"caption-attachment-338\" class=\"wp-caption-text\">Einh\u00e4nderbrett und Messer mit Griffverdickung<\/figcaption><\/figure>\n<p><b>Einsatz von Hilfsmitteln, Orthesen und Prothesen<\/b>Kann ein Patient sich bei einer T\u00e4tigkeit nicht mehr selbst\u00e4ndig zurecht finden, so k\u00f6nnen bestimmte Hilfsmittel eingesetzt werden. Diese werden mit dem Patienten gemeinsam erprobt, danach wird der Gebrauch und die sinnvolle Nutzung geschult. Es gibt in vielen Bereichen Hilfsmittel, z.B. ein Rollstuhl um die Fortbewegung zu erm\u00f6glichen, oder ein Strumpfanzieher um ohne B\u00fcckbewegungen einen Strumpf anzuziehen.<\/p>\n<p><b>Umfeldanpassung<\/b>Die Ergotherapie unterst\u00fctzt in der Wahl und Einsatz der Hilfsmittel zuhause. Die Therapeutin gibt hier auch Tipps zur Ver\u00e4nderung der R\u00e4umlichkeiten und ber\u00e4t die Angeh\u00f6rigen.<\/div>\n","protected":false},"excerpt":{"rendered":"<p>Unter Adaption versteht man das Anpassungsverm\u00f6gen. Hier nutzt die Ergotherapie die vorhandenen F\u00e4higkeiten des Patienten, um trotz der Erkrankung selbst\u00e4ndig zu werden und zu bleiben. z.B. durch folgende M\u00f6glichkeiten: Selbsthilfetraining [&hellip;]<\/p>\n","protected":false},"author":3,"featured_media":0,"parent":97,"menu_order":0,"comment_status":"closed","ping_status":"open","template":"","meta":{"footnotes":""},"class_list":["post-139","page","type-page","status-publish","hentry"],"_links":{"self":[{"href":"https:\/\/ergotherapie-kreuztal.de\/index.php?rest_route=\/wp\/v2\/pages\/139","targetHints":{"allow":["GET"]}}],"collection":[{"href":"https:\/\/ergotherapie-kreuztal.de\/index.php?rest_route=\/wp\/v2\/pages"}],"about":[{"href":"https:\/\/ergotherapie-kreuztal.de\/index.php?rest_route=\/wp\/v2\/types\/page"}],"author":[{"embeddable":true,"href":"https:\/\/ergotherapie-kreuztal.de\/index.php?rest_route=\/wp\/v2\/users\/3"}],"replies":[{"embeddable":true,"href":"https:\/\/ergotherapie-kreuztal.de\/index.php?rest_route=%2Fwp%2Fv2%2Fcomments&post=139"}],"version-history":[{"count":0,"href":"https:\/\/ergotherapie-kreuztal.de\/index.php?rest_route=\/wp\/v2\/pages\/139\/revisions"}],"up":[{"embeddable":true,"href":"https:\/\/ergotherapie-kreuztal.de\/index.php?rest_route=\/wp\/v2\/pages\/97"}],"wp:attachment":[{"href":"https:\/\/ergotherapie-kreuztal.de\/index.php?rest_route=%2Fwp%2Fv2%2Fmedia&parent=139"}],"curies":[{"name":"wp","href":"https:\/\/api.w.org\/{rel}","templated":true}]}}