{"id":45,"date":"2014-10-30T12:43:26","date_gmt":"2014-10-30T10:43:26","guid":{"rendered":"http:\/\/ergotherapie-kreuztal.de\/?page_id=45"},"modified":"2014-10-30T12:43:26","modified_gmt":"2014-10-30T10:43:26","slug":"ergotherapie-in-der-orthopaedie-traumatologie-und-rheumatologie","status":"publish","type":"page","link":"https:\/\/ergotherapie-kreuztal.de\/?page_id=45","title":{"rendered":"Orthop\u00e4die und Rheumatologie"},"content":{"rendered":"<p>In diesem Fachgebiet werden Patienten aller Altersstufen mit Erkrankungen wie z.B. Rheuma, Handerkrankungen und Hand-Verletzungen, Schulter- und Armverletzungen, Bandscheibenvorf\u00e4lle, usw.\u00a0behandelt.<\/p>\n<p>Die Beweglichkeit soll wiederhergestellt, die Muskulatur gekr\u00e4ftigt und die Geschicklichkeit und Koordination gef\u00f6rdert werden. In der Ergotherapie soll der Patient lernen, seine Kr\u00e4fte zu nutzen und seine Verhaltensweisen und Arbeitsabl\u00e4ufe im Alltag zu ver\u00e4ndern.<\/p>\n<figure id=\"attachment_355\" aria-describedby=\"caption-attachment-355\" style=\"width: 352px\" class=\"wp-caption alignright\"><a href=\"http:\/\/ergotherapie-kreuztal.de\/wp-content\/uploads\/2014\/10\/P1170581-2.jpg\"><img loading=\"lazy\" decoding=\"async\" class=\"   wp-image-355\" src=\"http:\/\/ergotherapie-kreuztal.de\/wp-content\/uploads\/2014\/10\/P1170581-2-300x223.jpg\" alt=\"P1170581 (2)\" width=\"352\" height=\"262\" \/><\/a><figcaption id=\"caption-attachment-355\" class=\"wp-caption-text\">Raps als Sensibilit\u00e4tstraining und K\u00fchlung z.B. bei einem Kind mit rheumatoider Arthritis<\/figcaption><\/figure>\n<p>Dies ist unsere Spezialisierung und wir verf\u00fcgen hier \u00fcber einen besonders langj\u00e4hrigen Erfahrungsschatz in der <a href=\"http:\/\/ergotherapie-kreuztal.de\/?page_id=60\">Handtherapie<\/a>.<\/p>\n<p>Eine Behandlung beinhaltet z.B.:<\/p>\n<ul>\n<li>\u00dcbungen zur Beweglichkeit, Muskelkraft, Ausdauer, Belastbarkeit und Sensibilit\u00e4t<\/li>\n<li>Training von Alltagsaktivit\u00e4ten<\/li>\n<li>Beratung und Training zum Gelenkschutz<\/li>\n<li>Abh\u00e4rtung von Amputationsst\u00fcmpfen und Training mit der Prothese<\/li>\n<li>individuelle Schienenanfertigung nach Verletzungen oder bei rheumatischen Erkrankungen (<a href=\"http:\/\/ergotherapie-kreuztal.de\/?page_id=115\">Lesen Sie mehr\u00a0unter der Rubrik &#8220;Schienenbau&#8221;<\/a>)<\/li>\n<\/ul>\n","protected":false},"excerpt":{"rendered":"<p>In diesem Fachgebiet werden Patienten aller Altersstufen mit Erkrankungen wie z.B. Rheuma, Handerkrankungen und Hand-Verletzungen, Schulter- und Armverletzungen, Bandscheibenvorf\u00e4lle, usw.\u00a0behandelt. Die Beweglichkeit soll wiederhergestellt, die Muskulatur gekr\u00e4ftigt und die Geschicklichkeit [&hellip;]<\/p>\n","protected":false},"author":3,"featured_media":0,"parent":48,"menu_order":2,"comment_status":"closed","ping_status":"open","template":"","meta":{"footnotes":""},"class_list":["post-45","page","type-page","status-publish","hentry"],"_links":{"self":[{"href":"https:\/\/ergotherapie-kreuztal.de\/index.php?rest_route=\/wp\/v2\/pages\/45","targetHints":{"allow":["GET"]}}],"collection":[{"href":"https:\/\/ergotherapie-kreuztal.de\/index.php?rest_route=\/wp\/v2\/pages"}],"about":[{"href":"https:\/\/ergotherapie-kreuztal.de\/index.php?rest_route=\/wp\/v2\/types\/page"}],"author":[{"embeddable":true,"href":"https:\/\/ergotherapie-kreuztal.de\/index.php?rest_route=\/wp\/v2\/users\/3"}],"replies":[{"embeddable":true,"href":"https:\/\/ergotherapie-kreuztal.de\/index.php?rest_route=%2Fwp%2Fv2%2Fcomments&post=45"}],"version-history":[{"count":0,"href":"https:\/\/ergotherapie-kreuztal.de\/index.php?rest_route=\/wp\/v2\/pages\/45\/revisions"}],"up":[{"embeddable":true,"href":"https:\/\/ergotherapie-kreuztal.de\/index.php?rest_route=\/wp\/v2\/pages\/48"}],"wp:attachment":[{"href":"https:\/\/ergotherapie-kreuztal.de\/index.php?rest_route=%2Fwp%2Fv2%2Fmedia&parent=45"}],"curies":[{"name":"wp","href":"https:\/\/api.w.org\/{rel}","templated":true}]}}