{"id":48,"date":"2014-10-30T12:45:00","date_gmt":"2014-10-30T12:45:00","guid":{"rendered":"http:\/\/ergotherapie-kreuztal.de\/?page_id=48"},"modified":"2023-02-14T10:09:35","modified_gmt":"2023-02-14T10:09:35","slug":"fachbereiche-der-ergotherapie","status":"publish","type":"page","link":"https:\/\/ergotherapie-kreuztal.de\/?page_id=48","title":{"rendered":"Fachbereiche"},"content":{"rendered":"<h4><a href=\"http:\/\/ergotherapie-kreuztal.de\/?page_id=60\">Handtherapie<\/a><\/h4>\n<p>In der Handtherapie werden Patienten mit Erkrankung und Verletzungen der H\u00e4nde behandelt. Dies ist eines unserer Spezialgebiete. Informieren Sie sich <a href=\"http:\/\/ergotherapie-kreuztal.de\/?page_id=60\">hier.<\/a><\/p>\n<h4><a href=\"http:\/\/ergotherapie-kreuztal.de\/?page_id=45\">Orthop\u00e4die\u00a0und Rheumatologie<\/a><\/h4>\n<p>In diesem Fachgebiet werden Patienten aller Altersstufen behandelt mit St\u00f6rungen aus dem Bereich der Orthop\u00e4die, z.B. Schulterproblematiken, Bandscheibenvorf\u00e4lle, Rheuma, Amputationen.<\/p>\n<h4><a href=\"http:\/\/ergotherapie-kreuztal.de\/?page_id=83\">Neurologie<\/a><\/h4>\n<div class=\"bereiche\">\n<div class=\"bereiche\">In der Neurologie werden Erkrankungen des zentralen Nervensystems z.B. Schlaganfall, Sch\u00e4del-Hirn-Verletzungen, Querschnittsl\u00e4hmungen oder Multiple Sklerose behandelt.<\/div>\n<div class=\"bereiche\">\u00a0<\/div>\n<\/div>\n<h4>\u00a0<\/h4>\n<h4><a href=\"http:\/\/ergotherapie-kreuztal.de\/?page_id=85\">Geriatrie<\/a><\/h4>\n<div class=\"bereiche\">\n<div>\n<div class=\"bereiche\">Durch Erkrankungen im Alter entstehen oft Einschr\u00e4nkungen im Alltag. Die Ergotherapie kann hier Hilfe sein, im Alltag wieder zurecht zu kommen und F\u00e4higkeiten zu erhalten und aufzubauen.<\/div>\n<div class=\"bereiche\">\u00a0<\/div>\n<\/div>\n<\/div>\n<div class=\"bereiche\">\n<h4 class=\"bereiche\">\u00a0<\/h4>\n<h4 class=\"bereiche\"><a title=\"P\u00e4diatrie\" href=\"http:\/\/ergotherapie-kreuztal.de\/?page_id=62\">P\u00e4diatrie<\/a><\/h4>\n<\/div>\n<p class=\"bereiche\">In der P\u00e4diatrie werden Kinder vom S\u00e4uglings- bis zum Jugendalter behandelt. So kann Ergotherapie helfen, wenn die Entwicklung verz\u00f6gert ist oder Kinder in ihrer Selbst\u00e4ndigkeit und Handlungsf\u00e4higkeit eingeschr\u00e4nkt sind. Besonders unsere Kollegen in Kreuztal haben\u00a0 sich in diesem Fachbereich hoch spezialisiert. Hier k\u00f6nnen Sie sich weiter <a href=\"https:\/\/ergotherapie-kreuztal.de\/?page_id=62\">informieren<\/a>.<\/p>\n<h4 class=\"bereiche\"><a href=\"http:\/\/ergotherapie-kreuztal.de\/?page_id=87\">Psychiatrie<\/a><\/h4>\n<div class=\"bereiche\">\n<div class=\"bereiche\">\n<div class=\"bereiche\">\n<div class=\"bereiche\">\n<div class=\"bereiche\">\n<div class=\"bereiche\">\n<div class=\"bereiche\">\n<div class=\"bereiche\">\n<div class=\"bereiche\">\n<div class=\"bereiche\">Ein weiteres Gebiet in der Ergotherapie, die bei uns nicht vorrangig behandelt werden. Hier werden in allen Altersstufen Patienten gef\u00f6rdert, die im psychischen Bereich Einschr\u00e4nkungen haben. So k\u00f6nnen hier Funktionen wie z.B. St\u00e4rkung des Selbstbewusstseins erlernt werden.\u00a0<\/div>\n<\/div>\n<div class=\"bereiche\">\u00a0<\/div>\n<\/div>\n<\/div>\n<\/div>\n<\/div>\n<\/div>\n<\/div>\n<\/div>\n<\/div>\n\n\n<p><\/p>\n","protected":false},"excerpt":{"rendered":"<p>Handtherapie In der Handtherapie werden Patienten mit Erkrankung und Verletzungen der H\u00e4nde behandelt. Dies ist eines unserer Spezialgebiete. Informieren Sie sich hier. Orthop\u00e4die\u00a0und Rheumatologie In diesem Fachgebiet werden Patienten aller [&hellip;]<\/p>\n","protected":false},"author":3,"featured_media":0,"parent":0,"menu_order":4,"comment_status":"closed","ping_status":"closed","template":"","meta":{"footnotes":""},"class_list":["post-48","page","type-page","status-publish","hentry"],"_links":{"self":[{"href":"https:\/\/ergotherapie-kreuztal.de\/index.php?rest_route=\/wp\/v2\/pages\/48","targetHints":{"allow":["GET"]}}],"collection":[{"href":"https:\/\/ergotherapie-kreuztal.de\/index.php?rest_route=\/wp\/v2\/pages"}],"about":[{"href":"https:\/\/ergotherapie-kreuztal.de\/index.php?rest_route=\/wp\/v2\/types\/page"}],"author":[{"embeddable":true,"href":"https:\/\/ergotherapie-kreuztal.de\/index.php?rest_route=\/wp\/v2\/users\/3"}],"replies":[{"embeddable":true,"href":"https:\/\/ergotherapie-kreuztal.de\/index.php?rest_route=%2Fwp%2Fv2%2Fcomments&post=48"}],"version-history":[{"count":3,"href":"https:\/\/ergotherapie-kreuztal.de\/index.php?rest_route=\/wp\/v2\/pages\/48\/revisions"}],"predecessor-version":[{"id":813,"href":"https:\/\/ergotherapie-kreuztal.de\/index.php?rest_route=\/wp\/v2\/pages\/48\/revisions\/813"}],"wp:attachment":[{"href":"https:\/\/ergotherapie-kreuztal.de\/index.php?rest_route=%2Fwp%2Fv2%2Fmedia&parent=48"}],"curies":[{"name":"wp","href":"https:\/\/api.w.org\/{rel}","templated":true}]}}