{"id":50,"date":"2014-10-30T12:46:02","date_gmt":"2014-10-30T10:46:02","guid":{"rendered":"http:\/\/ergotherapie-kreuztal.de\/?page_id=50"},"modified":"2014-10-30T12:46:02","modified_gmt":"2014-10-30T10:46:02","slug":"motorisch-funktionelle-behandlung","status":"publish","type":"page","link":"https:\/\/ergotherapie-kreuztal.de\/?page_id=50","title":{"rendered":"motorisch-funktionell"},"content":{"rendered":"<figure id=\"attachment_357\" aria-describedby=\"caption-attachment-357\" style=\"width: 321px\" class=\"wp-caption alignright\"><a href=\"http:\/\/ergotherapie-kreuztal.de\/wp-content\/uploads\/2014\/10\/P1170597.jpg\"><img loading=\"lazy\" decoding=\"async\" class=\"  wp-image-357\" src=\"http:\/\/ergotherapie-kreuztal.de\/wp-content\/uploads\/2014\/10\/P1170597-300x225.jpg\" alt=\"P1170597\" width=\"321\" height=\"241\" \/><\/a><figcaption id=\"caption-attachment-357\" class=\"wp-caption-text\">Narbenbehandlung mit speziellem Massageger\u00e4t<\/figcaption><\/figure>\n<p>Eine motorisch-funktionelle Behandlung dient der gezielten Therapie krankheitsbedingter St\u00f6rungen der motorischen Funktionen mit und ohne Beteiligung des peripheren Nervensystems und der daraus resultierenden F\u00e4higkeitsst\u00f6rungen. Sie umfasst insbesondere Ma\u00dfnahmen zum\/zur<\/p>\n<ul>\n<li>Abbau pathologischer Haltungs- und Bewegungsmuster,<\/li>\n<li>Aufbau und Erhalt physiologischer Funktionen,<\/li>\n<li>Entwicklung oder Verbesserung der Grob- und Feinmotorik,<\/li>\n<li>Entwicklung oder Verbesserung der Koordination von Bewegungsabl\u00e4ufen und der funktionellen Ausdauer,<\/li>\n<li>Verbesserung von Gelenkfunktionen, einschl. Gelenkschutz,<\/li>\n<li>Vermeidung der Entstehung von Kontrakturen,<\/li>\n<li>Narbenabh\u00e4rtung,<\/li>\n<li>Desensibilisierung bzw. Sensibilisierung einzelner Sinnesfunktionen,<\/li>\n<li>Schmerzlinderung,<\/li>\n<li>Erlernen von Ersatzfunktionen,<\/li>\n<li>Verbesserung der eigenst\u00e4ndigen Lebensf\u00fchrung, auch unter Einbeziehung technischer Hilfen.<\/li>\n<\/ul>\n<figure id=\"attachment_419\" aria-describedby=\"caption-attachment-419\" style=\"width: 300px\" class=\"wp-caption alignleft\"><a href=\"http:\/\/ergotherapie-kreuztal.de\/wp-content\/uploads\/2014\/10\/P1170603.jpg\"><img loading=\"lazy\" decoding=\"async\" class=\"wp-image-419 size-medium\" src=\"http:\/\/ergotherapie-kreuztal.de\/wp-content\/uploads\/2014\/10\/P1170603-300x225.jpg\" alt=\"P1170603\" width=\"300\" height=\"225\" \/><\/a><figcaption id=\"caption-attachment-419\" class=\"wp-caption-text\">Ein Tens-Ger\u00e4t kann einen eingeschr\u00e4nkten Nerv in seiner Funktion unterst\u00fctzen und mit Reizen &#8220;f\u00fcttern&#8221;<\/figcaption><\/figure>\n<p>Die Behandlung kann als Einzel- oder Gruppenbehandlung verordnet werden.<\/p>\n","protected":false},"excerpt":{"rendered":"<p>Eine motorisch-funktionelle Behandlung dient der gezielten Therapie krankheitsbedingter St\u00f6rungen der motorischen Funktionen mit und ohne Beteiligung des peripheren Nervensystems und der daraus resultierenden F\u00e4higkeitsst\u00f6rungen. Sie umfasst insbesondere Ma\u00dfnahmen zum\/zur Abbau [&hellip;]<\/p>\n","protected":false},"author":3,"featured_media":0,"parent":0,"menu_order":0,"comment_status":"closed","ping_status":"open","template":"","meta":{"footnotes":""},"class_list":["post-50","page","type-page","status-publish","hentry"],"_links":{"self":[{"href":"https:\/\/ergotherapie-kreuztal.de\/index.php?rest_route=\/wp\/v2\/pages\/50","targetHints":{"allow":["GET"]}}],"collection":[{"href":"https:\/\/ergotherapie-kreuztal.de\/index.php?rest_route=\/wp\/v2\/pages"}],"about":[{"href":"https:\/\/ergotherapie-kreuztal.de\/index.php?rest_route=\/wp\/v2\/types\/page"}],"author":[{"embeddable":true,"href":"https:\/\/ergotherapie-kreuztal.de\/index.php?rest_route=\/wp\/v2\/users\/3"}],"replies":[{"embeddable":true,"href":"https:\/\/ergotherapie-kreuztal.de\/index.php?rest_route=%2Fwp%2Fv2%2Fcomments&post=50"}],"version-history":[{"count":0,"href":"https:\/\/ergotherapie-kreuztal.de\/index.php?rest_route=\/wp\/v2\/pages\/50\/revisions"}],"wp:attachment":[{"href":"https:\/\/ergotherapie-kreuztal.de\/index.php?rest_route=%2Fwp%2Fv2%2Fmedia&parent=50"}],"curies":[{"name":"wp","href":"https:\/\/api.w.org\/{rel}","templated":true}]}}