{"id":60,"date":"2014-10-30T12:55:06","date_gmt":"2014-10-30T10:55:06","guid":{"rendered":"http:\/\/ergotherapie-kreuztal.de\/?page_id=60"},"modified":"2014-10-30T12:55:06","modified_gmt":"2014-10-30T10:55:06","slug":"handtherapie","status":"publish","type":"page","link":"https:\/\/ergotherapie-kreuztal.de\/?page_id=60","title":{"rendered":"Handtherapie"},"content":{"rendered":"<p>Die Handtherapie ist ein Spezialgebiet der Ergotherapie und erfordert spezielle Fortbildungen, Kenntnisse, sowie Erfahrungswerte in der Behandlung von Handerkrankungen, bzw. Handverletzungen.<\/p>\n<p>Die Handtherapie umfasst die Rehabilitation von Patienten mit angeborenen, traumatischen und degenerativen Erkrankungen der oberen Extremit\u00e4t und deren Auswirkungen.<\/p>\n<p>In der Handtherapie soll die funktionsgest\u00f6rte Hand zum zielgerichteten, automatisierten und koordinierten Gebrauch, also zur m\u00f6glichst urspr\u00fcnglichen Funktion zur\u00fcckgef\u00fchrt werden. Das Ziel der Handtherapie ist, dem Patienten fr\u00fchere Besch\u00e4ftigungen und T\u00e4tigkeiten weitestgehend zu erm\u00f6glichen um seinen Anforderungen im sozialen, h\u00e4uslichen und beruflichen Bereich wieder gerecht zu werden.<\/p>\n<h4><span style=\"color: #800080;\">M\u00f6glichkeiten in der Handtherapie:<a href=\"http:\/\/ergotherapie-kreuztal.de\/wp-content\/uploads\/2015\/06\/IMG_7766.jpg\"><img loading=\"lazy\" decoding=\"async\" class=\" alignright wp-image-226\" src=\"http:\/\/ergotherapie-kreuztal.de\/wp-content\/uploads\/2015\/06\/IMG_7766-300x225.jpg\" alt=\"IMG_7766\" width=\"239\" height=\"180\" \/><\/a><\/span><\/h4>\n<ul>\n<li><a href=\"http:\/\/ergotherapie-kreuztal.de\/?page_id=115\">Schienenbehandlung<\/a><\/li>\n<li>K\u00e4lte- und W\u00e4rmebehandlung<\/li>\n<li>manuelle Therapie<\/li>\n<li>Sensibilit\u00e4tstraining<\/li>\n<li>aktive und passive Bewegungs\u00fcbungen<\/li>\n<li>Feinmotoriktraining<\/li>\n<li>Selbsthilfe-Training bei den Aktivit\u00e4ten des t\u00e4glichen Lebens<\/li>\n<\/ul>\n<p><img loading=\"lazy\" decoding=\"async\" class=\" wp-image-227 alignleft\" src=\"http:\/\/ergotherapie-kreuztal.de\/wp-content\/uploads\/2015\/06\/P1000054-300x225.jpg\" alt=\"P1000054\" width=\"245\" height=\"184\" \/><\/p>\n<p style=\"padding-left: 270px;\">Eng arbeiten wir in diesem Bereich mit den entsprechenden Chirurgen vor Ort zusammen, so dass eine ad\u00e4quate Nachbehandlung zum Erhalt des OP-Ergebnisses gew\u00e4hrleistet wird.<\/p>\n<p style=\"padding-left: 270px;\">Wir k\u00f6nnen inzwischen auf einen Erfahrungsschatz von knapp 10 Jahren zur\u00fcckblicken. In internen und externen Fortbildungen schulen wir neue und &#8220;alte&#8221; Mitarbeiter weiter in neuen Techniken und Methoden in der Behandlung dieses Klientels.<\/p>\n<p>Die externen Fortbildungen werden dabei vorwiegend im Modulsystem der Deutschen Arbeitsgemeinschaft f\u00fcr Handtherapie e.V.<a href=\"http:\/\/www.dahth.de\/\"> (DAHTH)<\/a> angeboten, die speziell auf die Handtherapie ausgerichtet sind.\u00a0In der DAHTH haben sich \u00c4rzte, ErgotherapeutInnen und PhysiotherapeutInnen zusammengeschlossen, um die Erforschung, Verbreitung und Qualit\u00e4tssicherung der Handtherapie voran zu treiben.<\/p>\n<p>&nbsp;<\/p>\n<p>&nbsp;<\/p>\n<p>Seit dem 21.05.2011 bin ich <span style=\"color: #800080;\">Handtherapeutin DAHTH<\/span> und <span style=\"color: #800080;\">Handtherapeutische Schwerpunktpraxis<\/span> im Siegerland.\u00a0Wir danken f\u00fcr das Vertrauen in unsere Arbeit und hoffen weiter auf gute Zusammenarbeit und gemeinsame L\u00f6sungen zum Wohle unserer Patienten.\u00a0Marion B\u00e4umer (30.05.2011)<\/p>\n<p>&nbsp;<\/p>\n<hr \/>\n<p>&nbsp;<\/p>\n","protected":false},"excerpt":{"rendered":"<p>Die Handtherapie ist ein Spezialgebiet der Ergotherapie und erfordert spezielle Fortbildungen, Kenntnisse, sowie Erfahrungswerte in der Behandlung von Handerkrankungen, bzw. Handverletzungen. Die Handtherapie umfasst die Rehabilitation von Patienten mit angeborenen, [&hellip;]<\/p>\n","protected":false},"author":3,"featured_media":0,"parent":48,"menu_order":2,"comment_status":"closed","ping_status":"open","template":"","meta":{"footnotes":""},"class_list":["post-60","page","type-page","status-publish","hentry"],"_links":{"self":[{"href":"https:\/\/ergotherapie-kreuztal.de\/index.php?rest_route=\/wp\/v2\/pages\/60","targetHints":{"allow":["GET"]}}],"collection":[{"href":"https:\/\/ergotherapie-kreuztal.de\/index.php?rest_route=\/wp\/v2\/pages"}],"about":[{"href":"https:\/\/ergotherapie-kreuztal.de\/index.php?rest_route=\/wp\/v2\/types\/page"}],"author":[{"embeddable":true,"href":"https:\/\/ergotherapie-kreuztal.de\/index.php?rest_route=\/wp\/v2\/users\/3"}],"replies":[{"embeddable":true,"href":"https:\/\/ergotherapie-kreuztal.de\/index.php?rest_route=%2Fwp%2Fv2%2Fcomments&post=60"}],"version-history":[{"count":0,"href":"https:\/\/ergotherapie-kreuztal.de\/index.php?rest_route=\/wp\/v2\/pages\/60\/revisions"}],"up":[{"embeddable":true,"href":"https:\/\/ergotherapie-kreuztal.de\/index.php?rest_route=\/wp\/v2\/pages\/48"}],"wp:attachment":[{"href":"https:\/\/ergotherapie-kreuztal.de\/index.php?rest_route=%2Fwp%2Fv2%2Fmedia&parent=60"}],"curies":[{"name":"wp","href":"https:\/\/api.w.org\/{rel}","templated":true}]}}