{"id":62,"date":"2014-10-30T12:57:20","date_gmt":"2014-10-30T10:57:20","guid":{"rendered":"http:\/\/ergotherapie-kreuztal.de\/?page_id=62"},"modified":"2014-10-30T12:57:20","modified_gmt":"2014-10-30T10:57:20","slug":"paediatrie","status":"publish","type":"page","link":"https:\/\/ergotherapie-kreuztal.de\/?page_id=62","title":{"rendered":"P\u00e4diatrie"},"content":{"rendered":"<p>In der P\u00e4diatrie werden Kinder vom S\u00e4uglings- bis ins Jugendlichenalter behandelt, wenn ihre Entwicklung verz\u00f6gert ist oder sie von Behinderung bedroht oder betroffen sind.<\/p>\n<p>Beobachtungen, die zu einer Verordnung von Ergotherapie f\u00fchren k\u00f6nnen, sind:<\/p>\n<ul>\n<li>Das Kind ist in seiner k\u00f6rperlichen, sensorisch-perzeptiven, kognitiven oder psychischen Entwicklung gegen\u00fcber Gleichaltrigen verz\u00f6gert<\/li>\n<li>Das Kind zeigt Ausf\u00e4lle oder St\u00f6rungen in der Bewegungs- und Koordinationsf\u00e4higkeit<\/li>\n<li>Das Kind zeigt eine mangelnde Verarbeitung von Sinnesreizen<\/li>\n<li>Das Kind reagiert auf seine Mitmenschen und seine Umwelt mit \u00fcberm\u00e4\u00dfiger Angst, Aggression, Abwehr oder Passivit\u00e4t<\/li>\n<\/ul>\n<p>Mit verschiedenen Behandlungsmethoden lernen Kinder, in ihrem Umfeld selbst\u00e4ndiger zu werden und ihren Alltag zu regeln. Dabei ist die Mitarbeit der Eltern ebenso wichtig wie die Zusammenarbeit mit \u00c4rzten, Erziehern und Lehrern.<\/p>\n","protected":false},"excerpt":{"rendered":"<p>In der P\u00e4diatrie werden Kinder vom S\u00e4uglings- bis ins Jugendlichenalter behandelt, wenn ihre Entwicklung verz\u00f6gert ist oder sie von Behinderung bedroht oder betroffen sind. Beobachtungen, die zu einer Verordnung von [&hellip;]<\/p>\n","protected":false},"author":3,"featured_media":0,"parent":48,"menu_order":7,"comment_status":"closed","ping_status":"open","template":"","meta":{"footnotes":""},"class_list":["post-62","page","type-page","status-publish","hentry"],"_links":{"self":[{"href":"https:\/\/ergotherapie-kreuztal.de\/index.php?rest_route=\/wp\/v2\/pages\/62","targetHints":{"allow":["GET"]}}],"collection":[{"href":"https:\/\/ergotherapie-kreuztal.de\/index.php?rest_route=\/wp\/v2\/pages"}],"about":[{"href":"https:\/\/ergotherapie-kreuztal.de\/index.php?rest_route=\/wp\/v2\/types\/page"}],"author":[{"embeddable":true,"href":"https:\/\/ergotherapie-kreuztal.de\/index.php?rest_route=\/wp\/v2\/users\/3"}],"replies":[{"embeddable":true,"href":"https:\/\/ergotherapie-kreuztal.de\/index.php?rest_route=%2Fwp%2Fv2%2Fcomments&post=62"}],"version-history":[{"count":0,"href":"https:\/\/ergotherapie-kreuztal.de\/index.php?rest_route=\/wp\/v2\/pages\/62\/revisions"}],"up":[{"embeddable":true,"href":"https:\/\/ergotherapie-kreuztal.de\/index.php?rest_route=\/wp\/v2\/pages\/48"}],"wp:attachment":[{"href":"https:\/\/ergotherapie-kreuztal.de\/index.php?rest_route=%2Fwp%2Fv2%2Fmedia&parent=62"}],"curies":[{"name":"wp","href":"https:\/\/api.w.org\/{rel}","templated":true}]}}