{"id":771,"date":"2021-06-19T12:15:09","date_gmt":"2021-06-19T12:15:09","guid":{"rendered":"https:\/\/ergotherapie-kreuztal.de\/?page_id=771"},"modified":"2023-02-14T16:18:31","modified_gmt":"2023-02-14T16:18:31","slug":"ergotherapie","status":"publish","type":"page","link":"https:\/\/ergotherapie-kreuztal.de\/?page_id=771","title":{"rendered":"Ergotherapie"},"content":{"rendered":"\n<p><strong>Was ist denn eigentlich Ergotherapie?<\/strong><\/p>\n\n\n\n<p>Ergotherapie unterst\u00fctzt und begleitet Menschen jeden Alters, die in ihrer Handlungsf\u00e4higkeit eingeschr\u00e4nkt oder von Einschr\u00e4nkung bedroht sind. Ziel ist, sie bei der Durchf\u00fchrung f\u00fcr sie bedeutungsvoller Bet\u00e4tigungen in den Bereichen Selbstversorgung, Produktivit\u00e4t und Freizeit in ihrer pers\u00f6nlichen Umwelt zu st\u00e4rken.<br>Hierbei dienen spezifische Aktivit\u00e4ten, Umweltanpassung und Beratung dazu, dem Menschen Handlungsf\u00e4higkeit im Alltag, gesellschaftliche Teilhabe und eine Verbesserung seiner Lebensqualit\u00e4t zu erm\u00f6glichen.<\/p>\n\n\n\n<p><strong>\u00dcber uns<\/strong><\/p>\n\n\n\n<p>Wir sind ein starkes Team mit qualifizierten Ergotherapeuten und bieten Ihnen daher eine hochwertige Behandlung in den verschiedensten Fachbereichen an.<\/p>\n\n\n\n<p>Wir decken durch unsere Spezialisierungen viele verschiedene Fachbereiche ab und planen die Ergotherapie individuell nach Ihren Bed\u00fcrfnissen. Je nach Erkrankung k\u00f6nnen Sie so bei uns bei den Therapeuten mit der passenden Fortbildung eingeplant werden.<\/p>\n\n\n\n<figure class=\"wp-block-image size-large is-resized\"><img loading=\"lazy\" decoding=\"async\" src=\"https:\/\/ergotherapie-kreuztal.de\/wp-content\/uploads\/2021\/06\/P1190477-1024x768.jpg\" alt=\"\" class=\"wp-image-781\" width=\"308\" height=\"232\" srcset=\"https:\/\/ergotherapie-kreuztal.de\/wp-content\/uploads\/2021\/06\/P1190477-1024x768.jpg 1024w, https:\/\/ergotherapie-kreuztal.de\/wp-content\/uploads\/2021\/06\/P1190477-300x225.jpg 300w, https:\/\/ergotherapie-kreuztal.de\/wp-content\/uploads\/2021\/06\/P1190477-768x576.jpg 768w, https:\/\/ergotherapie-kreuztal.de\/wp-content\/uploads\/2021\/06\/P1190477-1536x1152.jpg 1536w, https:\/\/ergotherapie-kreuztal.de\/wp-content\/uploads\/2021\/06\/P1190477-2048x1536.jpg 2048w\" sizes=\"auto, (max-width: 308px) 100vw, 308px\" \/><\/figure>\n\n\n\n<p>Melden Sie dazu gerne bei uns in der Praxis.<\/p>\n\n\n\n<p><strong>Ihr Team der Ergotherapie Marion B\u00e4umer<\/strong><\/p>\n\n\n\n<p>in Siegen und Kreuztal<\/p>\n","protected":false},"excerpt":{"rendered":"<p>Was ist denn eigentlich Ergotherapie? Ergotherapie unterst\u00fctzt und begleitet Menschen jeden Alters, die in ihrer Handlungsf\u00e4higkeit eingeschr\u00e4nkt oder von Einschr\u00e4nkung bedroht sind. Ziel ist, sie bei der Durchf\u00fchrung f\u00fcr sie [&hellip;]<\/p>\n","protected":false},"author":1,"featured_media":906,"parent":0,"menu_order":0,"comment_status":"closed","ping_status":"closed","template":"","meta":{"footnotes":""},"class_list":["post-771","page","type-page","status-publish","has-post-thumbnail","hentry"],"_links":{"self":[{"href":"https:\/\/ergotherapie-kreuztal.de\/index.php?rest_route=\/wp\/v2\/pages\/771","targetHints":{"allow":["GET"]}}],"collection":[{"href":"https:\/\/ergotherapie-kreuztal.de\/index.php?rest_route=\/wp\/v2\/pages"}],"about":[{"href":"https:\/\/ergotherapie-kreuztal.de\/index.php?rest_route=\/wp\/v2\/types\/page"}],"author":[{"embeddable":true,"href":"https:\/\/ergotherapie-kreuztal.de\/index.php?rest_route=\/wp\/v2\/users\/1"}],"replies":[{"embeddable":true,"href":"https:\/\/ergotherapie-kreuztal.de\/index.php?rest_route=%2Fwp%2Fv2%2Fcomments&post=771"}],"version-history":[{"count":14,"href":"https:\/\/ergotherapie-kreuztal.de\/index.php?rest_route=\/wp\/v2\/pages\/771\/revisions"}],"predecessor-version":[{"id":1072,"href":"https:\/\/ergotherapie-kreuztal.de\/index.php?rest_route=\/wp\/v2\/pages\/771\/revisions\/1072"}],"wp:featuredmedia":[{"embeddable":true,"href":"https:\/\/ergotherapie-kreuztal.de\/index.php?rest_route=\/wp\/v2\/media\/906"}],"wp:attachment":[{"href":"https:\/\/ergotherapie-kreuztal.de\/index.php?rest_route=%2Fwp%2Fv2%2Fmedia&parent=771"}],"curies":[{"name":"wp","href":"https:\/\/api.w.org\/{rel}","templated":true}]}}