{"id":795,"date":"2021-06-19T14:28:34","date_gmt":"2021-06-19T14:28:34","guid":{"rendered":"https:\/\/ergotherapie-kreuztal.de\/?page_id=795"},"modified":"2024-05-06T08:28:26","modified_gmt":"2024-05-06T08:28:26","slug":"team-siegen","status":"publish","type":"page","link":"https:\/\/ergotherapie-kreuztal.de\/?page_id=795","title":{"rendered":"Praxis Siegen"},"content":{"rendered":"\n<p>Die&nbsp;<strong>Ergotherapie<\/strong>&nbsp;ist eine Therapieform, die kranke oder verletzte Menschen bei der Bew\u00e4ltigung ihres Alltags unterst\u00fctzt. Sie soll es dem Patienten erm\u00f6glichen, sich m\u00f6glichst weitgehend selbst zu versorgen, an der Gesellschaft teilzuhaben und so eine besserte Lebensqualit\u00e4t zu gewinnen.<\/p>\n\n\n\n<p>In der Siegener Praxis arbeiten wir vor allem mit Erwachsenen Patienten, mit ihren unterschiedlichsten Erkrankungen und Einschr\u00e4nkungen.<\/p>\n\n\n\n<p>Das Spezialgebiet der Handtherapie ist hier besonders stark vertreten und kann fr\u00fchfunktionelle Behandlungen anbieten.<\/p>\n\n\n\n<p>Spezieller Schienenbau tr\u00e4gt zur Komplettierung unseres Angebots bei.<\/p>\n\n\n\n<div class=\"wp-block-group\"><div class=\"wp-block-group__inner-container is-layout-flow wp-block-group-is-layout-flow\"><div class=\"wp-block-image is-resized is-style-default\">\n<figure class=\"alignleft size-large\"><img loading=\"lazy\" decoding=\"async\" width=\"1024\" height=\"1024\" src=\"https:\/\/ergotherapie-kreuztal.de\/wp-content\/uploads\/2021\/06\/P1180869-edited-1024x1024.jpg\" alt=\"\" class=\"wp-image-804\" style=\"width:200px\" srcset=\"https:\/\/ergotherapie-kreuztal.de\/wp-content\/uploads\/2021\/06\/P1180869-edited-1024x1024.jpg 1024w, https:\/\/ergotherapie-kreuztal.de\/wp-content\/uploads\/2021\/06\/P1180869-edited-300x300.jpg 300w, https:\/\/ergotherapie-kreuztal.de\/wp-content\/uploads\/2021\/06\/P1180869-edited-150x150.jpg 150w, https:\/\/ergotherapie-kreuztal.de\/wp-content\/uploads\/2021\/06\/P1180869-edited-768x769.jpg 768w, https:\/\/ergotherapie-kreuztal.de\/wp-content\/uploads\/2021\/06\/P1180869-edited-1534x1536.jpg 1534w, https:\/\/ergotherapie-kreuztal.de\/wp-content\/uploads\/2021\/06\/P1180869-edited-2046x2048.jpg 2046w\" sizes=\"auto, (max-width: 1024px) 100vw, 1024px\" \/><figcaption class=\"wp-element-caption\"><strong>Marion B\u00e4umer<\/strong><br>Ergotherapeutin | Handtherapeutin DAHTH<\/figcaption><\/figure>\n<\/div><\/div><\/div>\n\n\n\n<div class=\"wp-block-group\"><div class=\"wp-block-group__inner-container is-layout-flow wp-block-group-is-layout-flow\"><div class=\"wp-block-image is-resized wp-image-447 size-medium is-style-default\">\n<figure class=\"alignleft\"><img decoding=\"async\" src=\"http:\/\/ergotherapie-kreuztal.de\/wp-content\/uploads\/2014\/10\/P1180835-e1447676669523-300x300.jpg\" alt=\"\" class=\"wp-image-447\" style=\"width:200px\"\/><figcaption class=\"wp-element-caption\"><strong>Anne Kiehl<\/strong> <br>Ergotherapeutin | Bobath-GK<\/figcaption><\/figure>\n<\/div>\n\n<div class=\"wp-block-image is-resized wp-image-447 size-medium is-style-default\">\n<figure class=\"alignleft size-large\"><img loading=\"lazy\" decoding=\"async\" width=\"1024\" height=\"1024\" src=\"https:\/\/ergotherapie-kreuztal.de\/wp-content\/uploads\/2023\/02\/P1180810-scaled-e1676372727816-1024x1024.jpg\" alt=\"\" class=\"wp-image-1022\" style=\"width:200px\" srcset=\"https:\/\/ergotherapie-kreuztal.de\/wp-content\/uploads\/2023\/02\/P1180810-scaled-e1676372727816-1024x1024.jpg 1024w, https:\/\/ergotherapie-kreuztal.de\/wp-content\/uploads\/2023\/02\/P1180810-scaled-e1676372727816-300x300.jpg 300w, https:\/\/ergotherapie-kreuztal.de\/wp-content\/uploads\/2023\/02\/P1180810-scaled-e1676372727816-150x150.jpg 150w, https:\/\/ergotherapie-kreuztal.de\/wp-content\/uploads\/2023\/02\/P1180810-scaled-e1676372727816-768x768.jpg 768w, https:\/\/ergotherapie-kreuztal.de\/wp-content\/uploads\/2023\/02\/P1180810-scaled-e1676372727816.jpg 1497w\" sizes=\"auto, (max-width: 1024px) 100vw, 1024px\" \/><figcaption class=\"wp-element-caption\"><strong>Anna Ahnfeldt<\/strong> <br>Ergotherapeutin | Bobath-GK<\/figcaption><\/figure>\n<\/div>\n\n<div class=\"wp-block-image is-resized wp-image-447 size-medium is-style-default\">\n<figure class=\"alignleft size-large\"><img loading=\"lazy\" decoding=\"async\" width=\"1024\" height=\"1010\" src=\"https:\/\/ergotherapie-kreuztal.de\/wp-content\/uploads\/2023\/02\/Niko-1024x1010.jpg\" alt=\"\" class=\"wp-image-1015\" style=\"width:200px\"\/><figcaption class=\"wp-element-caption\"><strong>Niko Link<\/strong><br>Ergotherapeut<\/figcaption><\/figure>\n<\/div>\n\n<div class=\"wp-block-image is-resized wp-image-447 size-medium is-style-default\">\n<figure class=\"alignleft size-large\"><img loading=\"lazy\" decoding=\"async\" width=\"1024\" height=\"1024\" src=\"https:\/\/ergotherapie-kreuztal.de\/wp-content\/uploads\/2023\/02\/20230227_103910-scaled-e1677506983197-1024x1024.jpg\" alt=\"\" class=\"wp-image-1078\" style=\"width:200px\" srcset=\"https:\/\/ergotherapie-kreuztal.de\/wp-content\/uploads\/2023\/02\/20230227_103910-scaled-e1677506983197-1024x1024.jpg 1024w, https:\/\/ergotherapie-kreuztal.de\/wp-content\/uploads\/2023\/02\/20230227_103910-scaled-e1677506983197-300x300.jpg 300w, https:\/\/ergotherapie-kreuztal.de\/wp-content\/uploads\/2023\/02\/20230227_103910-scaled-e1677506983197-150x150.jpg 150w, https:\/\/ergotherapie-kreuztal.de\/wp-content\/uploads\/2023\/02\/20230227_103910-scaled-e1677506983197-768x768.jpg 768w, https:\/\/ergotherapie-kreuztal.de\/wp-content\/uploads\/2023\/02\/20230227_103910-scaled-e1677506983197.jpg 1152w\" sizes=\"auto, (max-width: 1024px) 100vw, 1024px\" \/><figcaption class=\"wp-element-caption\"><strong>Marina Krumm<\/strong><br>Ergotherapeutin<\/figcaption><\/figure>\n<\/div>\n\n<div class=\"wp-block-image is-resized wp-image-447 size-medium is-style-default\">\n<figure class=\"alignleft size-large\"><img loading=\"lazy\" decoding=\"async\" width=\"1024\" height=\"1024\" src=\"https:\/\/ergotherapie-kreuztal.de\/wp-content\/uploads\/2023\/02\/20230201_083911-scaled-e1676370888973-1024x1024.jpg\" alt=\"\" class=\"wp-image-1005\" style=\"width:200px\" srcset=\"https:\/\/ergotherapie-kreuztal.de\/wp-content\/uploads\/2023\/02\/20230201_083911-scaled-e1676370888973-1024x1024.jpg 1024w, https:\/\/ergotherapie-kreuztal.de\/wp-content\/uploads\/2023\/02\/20230201_083911-scaled-e1676370888973-300x300.jpg 300w, https:\/\/ergotherapie-kreuztal.de\/wp-content\/uploads\/2023\/02\/20230201_083911-scaled-e1676370888973-150x150.jpg 150w, https:\/\/ergotherapie-kreuztal.de\/wp-content\/uploads\/2023\/02\/20230201_083911-scaled-e1676370888973-768x768.jpg 768w, https:\/\/ergotherapie-kreuztal.de\/wp-content\/uploads\/2023\/02\/20230201_083911-scaled-e1676370888973.jpg 1152w\" sizes=\"auto, (max-width: 1024px) 100vw, 1024px\" \/><figcaption class=\"wp-element-caption\"><strong>Sophia Weyel<\/strong><br>Ergotherapeutin<\/figcaption><\/figure>\n<\/div>\n\n<div class=\"wp-block-image is-resized wp-image-447 size-medium is-style-default\">\n<figure class=\"alignleft size-large\"><img loading=\"lazy\" decoding=\"async\" width=\"1024\" height=\"1024\" src=\"https:\/\/ergotherapie-kreuztal.de\/wp-content\/uploads\/2023\/02\/20230201_084309-scaled-e1676371244537-1024x1024.jpg\" alt=\"\" class=\"wp-image-1010\" style=\"width:200px\" srcset=\"https:\/\/ergotherapie-kreuztal.de\/wp-content\/uploads\/2023\/02\/20230201_084309-scaled-e1676371244537-1024x1024.jpg 1024w, https:\/\/ergotherapie-kreuztal.de\/wp-content\/uploads\/2023\/02\/20230201_084309-scaled-e1676371244537-300x300.jpg 300w, https:\/\/ergotherapie-kreuztal.de\/wp-content\/uploads\/2023\/02\/20230201_084309-scaled-e1676371244537-150x150.jpg 150w, https:\/\/ergotherapie-kreuztal.de\/wp-content\/uploads\/2023\/02\/20230201_084309-scaled-e1676371244537-768x768.jpg 768w, https:\/\/ergotherapie-kreuztal.de\/wp-content\/uploads\/2023\/02\/20230201_084309-scaled-e1676371244537.jpg 1152w\" sizes=\"auto, (max-width: 1024px) 100vw, 1024px\" \/><figcaption class=\"wp-element-caption\"><strong>Clara Lorenz<\/strong><br>Ergotherapeutin<\/figcaption><\/figure>\n<\/div>\n\n<div class=\"wp-block-image is-resized wp-image-447 size-medium is-style-default\">\n<figure class=\"alignleft size-large\"><img loading=\"lazy\" decoding=\"async\" width=\"1024\" height=\"1024\" src=\"https:\/\/ergotherapie-kreuztal.de\/wp-content\/uploads\/2023\/02\/20230201_084124-scaled-e1676371172559-1024x1024.jpg\" alt=\"\" class=\"wp-image-1008\" style=\"width:200px\" srcset=\"https:\/\/ergotherapie-kreuztal.de\/wp-content\/uploads\/2023\/02\/20230201_084124-scaled-e1676371172559-1024x1024.jpg 1024w, https:\/\/ergotherapie-kreuztal.de\/wp-content\/uploads\/2023\/02\/20230201_084124-scaled-e1676371172559-300x300.jpg 300w, https:\/\/ergotherapie-kreuztal.de\/wp-content\/uploads\/2023\/02\/20230201_084124-scaled-e1676371172559-150x150.jpg 150w, https:\/\/ergotherapie-kreuztal.de\/wp-content\/uploads\/2023\/02\/20230201_084124-scaled-e1676371172559-768x768.jpg 768w, https:\/\/ergotherapie-kreuztal.de\/wp-content\/uploads\/2023\/02\/20230201_084124-scaled-e1676371172559.jpg 1152w\" sizes=\"auto, (max-width: 1024px) 100vw, 1024px\" \/><figcaption class=\"wp-element-caption\"><strong>Mahmud Uwimana <\/strong><br>Ergotherapeut<\/figcaption><\/figure>\n<\/div>\n\n<div class=\"wp-block-image is-resized wp-image-447 size-medium is-style-default\">\n<figure class=\"alignleft size-large\"><img loading=\"lazy\" decoding=\"async\" width=\"1024\" height=\"1024\" src=\"https:\/\/ergotherapie-kreuztal.de\/wp-content\/uploads\/2024\/05\/20240430_085045-scaled-e1714984051259-1024x1024.jpg\" alt=\"\" class=\"wp-image-1116\" style=\"width:200px;height:auto\" srcset=\"https:\/\/ergotherapie-kreuztal.de\/wp-content\/uploads\/2024\/05\/20240430_085045-scaled-e1714984051259-1024x1024.jpg 1024w, https:\/\/ergotherapie-kreuztal.de\/wp-content\/uploads\/2024\/05\/20240430_085045-scaled-e1714984051259-300x300.jpg 300w, https:\/\/ergotherapie-kreuztal.de\/wp-content\/uploads\/2024\/05\/20240430_085045-scaled-e1714984051259-150x150.jpg 150w, https:\/\/ergotherapie-kreuztal.de\/wp-content\/uploads\/2024\/05\/20240430_085045-scaled-e1714984051259-768x768.jpg 768w, https:\/\/ergotherapie-kreuztal.de\/wp-content\/uploads\/2024\/05\/20240430_085045-scaled-e1714984051259.jpg 1484w\" sizes=\"auto, (max-width: 1024px) 100vw, 1024px\" \/><figcaption class=\"wp-element-caption\"><strong>Marie Ungruh <\/strong><br>Ergotherapeutin<\/figcaption><\/figure>\n<\/div>\n\n<div class=\"wp-block-image is-resized wp-image-447 size-medium is-style-default\">\n<figure class=\"alignleft size-large\"><img loading=\"lazy\" decoding=\"async\" width=\"1024\" height=\"1024\" src=\"https:\/\/ergotherapie-kreuztal.de\/wp-content\/uploads\/2023\/02\/20230201_084211-scaled-e1676371212637-1024x1024.jpg\" alt=\"\" class=\"wp-image-1009\" style=\"width:200px\" srcset=\"https:\/\/ergotherapie-kreuztal.de\/wp-content\/uploads\/2023\/02\/20230201_084211-scaled-e1676371212637-1024x1024.jpg 1024w, https:\/\/ergotherapie-kreuztal.de\/wp-content\/uploads\/2023\/02\/20230201_084211-scaled-e1676371212637-300x300.jpg 300w, https:\/\/ergotherapie-kreuztal.de\/wp-content\/uploads\/2023\/02\/20230201_084211-scaled-e1676371212637-150x150.jpg 150w, https:\/\/ergotherapie-kreuztal.de\/wp-content\/uploads\/2023\/02\/20230201_084211-scaled-e1676371212637-768x768.jpg 768w, https:\/\/ergotherapie-kreuztal.de\/wp-content\/uploads\/2023\/02\/20230201_084211-scaled-e1676371212637.jpg 1152w\" sizes=\"auto, (max-width: 1024px) 100vw, 1024px\" \/><figcaption class=\"wp-element-caption\"><strong>Silvia Knust<\/strong><br>Fachwirtin f. Gesundheit und Sozialwesen Anmeldung Siegen<\/figcaption><\/figure>\n<\/div><\/div><\/div>\n\n\n\n<div class=\"wp-block-group clear\"><div class=\"wp-block-group__inner-container is-layout-flow wp-block-group-is-layout-flow\">\n<div class=\"wp-block-group\"><div class=\"wp-block-group__inner-container is-layout-flow wp-block-group-is-layout-flow\">\n<p><\/p>\n<\/div><\/div>\n<\/div><\/div>\n\n\n\n<p class=\"clear\"><br><strong>Derzeit in Pause:<\/strong><\/p>\n\n\n<div class=\"wp-block-image size-medium\">\n<figure class=\"alignleft is-resized\"><img decoding=\"async\" src=\"http:\/\/ergotherapie-kreuztal.de\/wp-content\/uploads\/2014\/10\/P1180858-e1447676859880-300x300.jpg\" alt=\"\" class=\"wp-image-445\" style=\"aspect-ratio:1;width:202px;height:auto\"\/><figcaption class=\"wp-element-caption\"><strong>Bettina Kr\u00fcdelbach <\/strong><br>Ergotherapeutin | Bobath-GK, Manualth. OEX<\/figcaption><\/figure>\n<\/div>","protected":false},"excerpt":{"rendered":"<p>Die&nbsp;Ergotherapie&nbsp;ist eine Therapieform, die kranke oder verletzte Menschen bei der Bew\u00e4ltigung ihres Alltags unterst\u00fctzt. Sie soll es dem Patienten erm\u00f6glichen, sich m\u00f6glichst weitgehend selbst zu versorgen, an der Gesellschaft teilzuhaben [&hellip;]<\/p>\n","protected":false},"author":1,"featured_media":0,"parent":0,"menu_order":3,"comment_status":"closed","ping_status":"closed","template":"","meta":{"footnotes":""},"class_list":["post-795","page","type-page","status-publish","hentry"],"_links":{"self":[{"href":"https:\/\/ergotherapie-kreuztal.de\/index.php?rest_route=\/wp\/v2\/pages\/795","targetHints":{"allow":["GET"]}}],"collection":[{"href":"https:\/\/ergotherapie-kreuztal.de\/index.php?rest_route=\/wp\/v2\/pages"}],"about":[{"href":"https:\/\/ergotherapie-kreuztal.de\/index.php?rest_route=\/wp\/v2\/types\/page"}],"author":[{"embeddable":true,"href":"https:\/\/ergotherapie-kreuztal.de\/index.php?rest_route=\/wp\/v2\/users\/1"}],"replies":[{"embeddable":true,"href":"https:\/\/ergotherapie-kreuztal.de\/index.php?rest_route=%2Fwp%2Fv2%2Fcomments&post=795"}],"version-history":[{"count":40,"href":"https:\/\/ergotherapie-kreuztal.de\/index.php?rest_route=\/wp\/v2\/pages\/795\/revisions"}],"predecessor-version":[{"id":1117,"href":"https:\/\/ergotherapie-kreuztal.de\/index.php?rest_route=\/wp\/v2\/pages\/795\/revisions\/1117"}],"wp:attachment":[{"href":"https:\/\/ergotherapie-kreuztal.de\/index.php?rest_route=%2Fwp%2Fv2%2Fmedia&parent=795"}],"curies":[{"name":"wp","href":"https:\/\/api.w.org\/{rel}","templated":true}]}}