{"id":83,"date":"2014-10-30T20:00:41","date_gmt":"2014-10-30T20:00:41","guid":{"rendered":"http:\/\/ergotherapie-kreuztal.de\/?page_id=83"},"modified":"2023-02-14T16:36:23","modified_gmt":"2023-02-14T16:36:23","slug":"neurologie","status":"publish","type":"page","link":"https:\/\/ergotherapie-kreuztal.de\/?page_id=83","title":{"rendered":"Neurologie"},"content":{"rendered":"<h3>Funktionen verbessern und Selbst\u00e4ndig sein<\/h3>\n<p>In der Neurologie werden Erkrankungen des zentralen Nervensystems z.B. Schlaganfall, Sch\u00e4del-Hirn-Verletzungen, Querschnittsl\u00e4hmungen oder Multiple Sklerose behandelt. Diese weisen in der Regel komplexe St\u00f6rungsbilder auf.<\/p>\n<p>Eine ergotherapeutische Behandlung in diesem Fachbereich beinhaltet:<\/p>\n<ul>\n<li>Aufbau, Erhalt und F\u00f6rderung physiologischer\/funktioneller Bewegungen und Fertigkeiten z.B. Koordination, Grob- und Feinmotorik, sensorische Wahrnehmung<\/li>\n<li>Verbesserung in den Bereichen Aufmerksamkeit, Konzentration, Merkf\u00e4higkeit, Ged\u00e4chtnis oder Lese-Sinn-Verst\u00e4ndnis<\/li>\n<li>Erarbeiten von Handlungskompetenzen im Hinblick auf eine pers\u00f6nliche, h\u00e4usliche und berufliche Selbst\u00e4ndigkeit z.B. Training von Alltagsaktivit\u00e4ten<\/li>\n<li>Beratung, individuelle Anpassung und Herstellung von geeigneten Hilfsmitteln und deren Erprobung<\/li>\n<\/ul>\n<p>Die Selbst\u00e4ndigkeit der Patienten steht auch in diesem Fachbereich im Vordergrund. Dabei werden alltagsnahe \u00dcbungen eingesetzt, um im beruflichen und allt\u00e4glichen Leben unabh\u00e4ngiger zu werden.<\/p>\n","protected":false},"excerpt":{"rendered":"<p>Funktionen verbessern und Selbst\u00e4ndig sein In der Neurologie werden Erkrankungen des zentralen Nervensystems z.B. Schlaganfall, Sch\u00e4del-Hirn-Verletzungen, Querschnittsl\u00e4hmungen oder Multiple Sklerose behandelt. Diese weisen in der Regel komplexe St\u00f6rungsbilder auf. Eine [&hellip;]<\/p>\n","protected":false},"author":3,"featured_media":0,"parent":45,"menu_order":5,"comment_status":"closed","ping_status":"closed","template":"","meta":{"footnotes":""},"class_list":["post-83","page","type-page","status-publish","hentry"],"_links":{"self":[{"href":"https:\/\/ergotherapie-kreuztal.de\/index.php?rest_route=\/wp\/v2\/pages\/83","targetHints":{"allow":["GET"]}}],"collection":[{"href":"https:\/\/ergotherapie-kreuztal.de\/index.php?rest_route=\/wp\/v2\/pages"}],"about":[{"href":"https:\/\/ergotherapie-kreuztal.de\/index.php?rest_route=\/wp\/v2\/types\/page"}],"author":[{"embeddable":true,"href":"https:\/\/ergotherapie-kreuztal.de\/index.php?rest_route=\/wp\/v2\/users\/3"}],"replies":[{"embeddable":true,"href":"https:\/\/ergotherapie-kreuztal.de\/index.php?rest_route=%2Fwp%2Fv2%2Fcomments&post=83"}],"version-history":[{"count":1,"href":"https:\/\/ergotherapie-kreuztal.de\/index.php?rest_route=\/wp\/v2\/pages\/83\/revisions"}],"predecessor-version":[{"id":1056,"href":"https:\/\/ergotherapie-kreuztal.de\/index.php?rest_route=\/wp\/v2\/pages\/83\/revisions\/1056"}],"up":[{"embeddable":true,"href":"https:\/\/ergotherapie-kreuztal.de\/index.php?rest_route=\/wp\/v2\/pages\/45"}],"wp:attachment":[{"href":"https:\/\/ergotherapie-kreuztal.de\/index.php?rest_route=%2Fwp%2Fv2%2Fmedia&parent=83"}],"curies":[{"name":"wp","href":"https:\/\/api.w.org\/{rel}","templated":true}]}}