{"id":85,"date":"2014-10-30T20:01:51","date_gmt":"2014-10-30T18:01:51","guid":{"rendered":"http:\/\/ergotherapie-kreuztal.de\/?page_id=85"},"modified":"2014-10-30T20:01:51","modified_gmt":"2014-10-30T18:01:51","slug":"geriatrie","status":"publish","type":"page","link":"https:\/\/ergotherapie-kreuztal.de\/?page_id=85","title":{"rendered":"Geriatrie"},"content":{"rendered":"<h3>F\u00e4higkeiten erhalten und f\u00f6rdern<\/h3>\n<p>Ergotherapie in der Geriatrie behandelt Erkrankungen, die durch Alterungsprozesse entstehen. Um eine Selbst\u00e4ndigkeit im Alter zu erhalten, ist es wichtig, verloren gegangene Funktionen wieder aufzubauen und vorhandene F\u00e4higkeiten zu erhalten.<\/p>\n<p>M\u00f6gliche Ziele in diesem Fachbereich sind:<\/p>\n<ul>\n<li>F\u00f6rderung der Mobilit\u00e4t und Geschicklichkeit<\/li>\n<li>Aktivierung kognitiver und neuropsychologischer F\u00e4higkeiten<\/li>\n<li>Anleitung zur Selbsthilfe beim Essen und Trinken, bei K\u00f6rperpflege und Bekleidung<\/li>\n<li>Beratung der Angeh\u00f6rigen<\/li>\n<li>Hilfsmittelanpassung<\/li>\n<\/ul>\n","protected":false},"excerpt":{"rendered":"<p>F\u00e4higkeiten erhalten und f\u00f6rdern Ergotherapie in der Geriatrie behandelt Erkrankungen, die durch Alterungsprozesse entstehen. Um eine Selbst\u00e4ndigkeit im Alter zu erhalten, ist es wichtig, verloren gegangene Funktionen wieder aufzubauen und [&hellip;]<\/p>\n","protected":false},"author":3,"featured_media":0,"parent":48,"menu_order":6,"comment_status":"closed","ping_status":"open","template":"","meta":{"footnotes":""},"class_list":["post-85","page","type-page","status-publish","hentry"],"_links":{"self":[{"href":"https:\/\/ergotherapie-kreuztal.de\/index.php?rest_route=\/wp\/v2\/pages\/85","targetHints":{"allow":["GET"]}}],"collection":[{"href":"https:\/\/ergotherapie-kreuztal.de\/index.php?rest_route=\/wp\/v2\/pages"}],"about":[{"href":"https:\/\/ergotherapie-kreuztal.de\/index.php?rest_route=\/wp\/v2\/types\/page"}],"author":[{"embeddable":true,"href":"https:\/\/ergotherapie-kreuztal.de\/index.php?rest_route=\/wp\/v2\/users\/3"}],"replies":[{"embeddable":true,"href":"https:\/\/ergotherapie-kreuztal.de\/index.php?rest_route=%2Fwp%2Fv2%2Fcomments&post=85"}],"version-history":[{"count":0,"href":"https:\/\/ergotherapie-kreuztal.de\/index.php?rest_route=\/wp\/v2\/pages\/85\/revisions"}],"up":[{"embeddable":true,"href":"https:\/\/ergotherapie-kreuztal.de\/index.php?rest_route=\/wp\/v2\/pages\/48"}],"wp:attachment":[{"href":"https:\/\/ergotherapie-kreuztal.de\/index.php?rest_route=%2Fwp%2Fv2%2Fmedia&parent=85"}],"curies":[{"name":"wp","href":"https:\/\/api.w.org\/{rel}","templated":true}]}}