{"id":87,"date":"2014-10-30T20:02:25","date_gmt":"2014-10-30T18:02:25","guid":{"rendered":"http:\/\/ergotherapie-kreuztal.de\/?page_id=87"},"modified":"2014-10-30T20:02:25","modified_gmt":"2014-10-30T18:02:25","slug":"psychiatrie","status":"publish","type":"page","link":"https:\/\/ergotherapie-kreuztal.de\/?page_id=87","title":{"rendered":"Psychiatrie"},"content":{"rendered":"<h5><span style=\"color: #0000ff;\">Der Fachbereich der Psychiatrie ist ein sehr gro\u00dfes Behandlungsgebiet und erfordert spezielle Kenntnisse in der Behandlung.<\/span><\/h5>\n<h5><span style=\"color: #0000ff;\">Hier verweisen wir Sie gerne an Kollegen, da dies nicht zu unserem Behandlungsspektrum geh\u00f6rt.<\/span><\/h5>\n<p>&nbsp;<\/p>\n<p>Grunds\u00e4tzlich kann dies in der Ergotherapie behandelt werden:<\/p>\n<p>Behandelt werden Patienten aller Altersstufen mit psychotischen, neurotischen und psychosomatischen St\u00f6rungen sowie mit Suchterkrankungen. Dies sind z.B. psychische St\u00f6rungen im Kinder- und Jugendalter, neurotische St\u00f6rungen, Pers\u00f6nlichkeits- und Verhaltensst\u00f6rungen, Depressionen oder ein hirnorganisches Psychosyndrom.<\/p>\n<p>Grunds\u00e4tzliche Ziele sind die Entwicklung, Verbesserung und der Erhalt von:<\/p>\n<ul>\n<li>Psychische Grundleistungen wie Antrieb, Motivation, Belastbarkeit, Ausdauer, Flexibilit\u00e4t und Selbst\u00e4ndigkeit in der Tagesstrukturierung<\/li>\n<li>K\u00f6rperwahrnehmung und Wahrnehmungsverarbeitung<\/li>\n<li>Situationsgerechtes Verhalten<\/li>\n<li>Kognitive Funktionen<\/li>\n<li>Psychische Stabilit\u00e4t und Selbstvertrauen<\/li>\n<li>Eigenst\u00e4ndige Lebensf\u00fchrung und Grundarbeitsf\u00e4higkeit<\/li>\n<\/ul>\n","protected":false},"excerpt":{"rendered":"<p>Der Fachbereich der Psychiatrie ist ein sehr gro\u00dfes Behandlungsgebiet und erfordert spezielle Kenntnisse in der Behandlung. Hier verweisen wir Sie gerne an Kollegen, da dies nicht zu unserem Behandlungsspektrum geh\u00f6rt. [&hellip;]<\/p>\n","protected":false},"author":3,"featured_media":0,"parent":48,"menu_order":8,"comment_status":"closed","ping_status":"open","template":"","meta":{"footnotes":""},"class_list":["post-87","page","type-page","status-publish","hentry"],"_links":{"self":[{"href":"https:\/\/ergotherapie-kreuztal.de\/index.php?rest_route=\/wp\/v2\/pages\/87","targetHints":{"allow":["GET"]}}],"collection":[{"href":"https:\/\/ergotherapie-kreuztal.de\/index.php?rest_route=\/wp\/v2\/pages"}],"about":[{"href":"https:\/\/ergotherapie-kreuztal.de\/index.php?rest_route=\/wp\/v2\/types\/page"}],"author":[{"embeddable":true,"href":"https:\/\/ergotherapie-kreuztal.de\/index.php?rest_route=\/wp\/v2\/users\/3"}],"replies":[{"embeddable":true,"href":"https:\/\/ergotherapie-kreuztal.de\/index.php?rest_route=%2Fwp%2Fv2%2Fcomments&post=87"}],"version-history":[{"count":0,"href":"https:\/\/ergotherapie-kreuztal.de\/index.php?rest_route=\/wp\/v2\/pages\/87\/revisions"}],"up":[{"embeddable":true,"href":"https:\/\/ergotherapie-kreuztal.de\/index.php?rest_route=\/wp\/v2\/pages\/48"}],"wp:attachment":[{"href":"https:\/\/ergotherapie-kreuztal.de\/index.php?rest_route=%2Fwp%2Fv2%2Fmedia&parent=87"}],"curies":[{"name":"wp","href":"https:\/\/api.w.org\/{rel}","templated":true}]}}