{"id":97,"date":"2014-10-30T20:10:35","date_gmt":"2014-10-30T18:10:35","guid":{"rendered":"http:\/\/ergotherapie-kreuztal.de\/?page_id=97"},"modified":"2014-10-30T20:10:35","modified_gmt":"2014-10-30T18:10:35","slug":"therapiemethoden-2","status":"publish","type":"page","link":"https:\/\/ergotherapie-kreuztal.de\/?page_id=97","title":{"rendered":"Therapiemethoden"},"content":{"rendered":"<h2>Spezielle ergotherapeutische Behandlungstechniken<\/h2>\n<p>Typisch f\u00fcr die Ergotherapie ist, dass unterschiedliche Ans\u00e4tze individuell auf den Patienten zugeschnitten und ggf. kombiniert werden.<\/p>\n<p>M\u00f6gliche Behandlungsmethoden sind:<\/p>\n<div id=\"n1\" class=\"bereichebox\"><a href=\"http:\/\/ergotherapie-kreuztal.de\/?page_id=131\">Sensorische Integration<\/a><\/div>\n<div id=\"n2\" class=\"bereichebox\"><a href=\"http:\/\/ergotherapie-kreuztal.de\/?page_id=139\">ADL- Training<\/a><\/div>\n<div id=\"n3\" class=\"bereichebox\"><a href=\"http:\/\/ergotherapie-kreuztal.de\/?page_id=133\">Handwerklich- gestalterische T\u00e4tigkeiten<\/a><\/div>\n<div id=\"n4\" class=\"bereichebox\"><a href=\"http:\/\/ergotherapie-kreuztal.de\/?page_id=135\">Bobath- Konzept<\/a><\/div>\n<p>&nbsp;<\/p>\n<div id=\"m1\" class=\"bereichebox\"><\/div>\n","protected":false},"excerpt":{"rendered":"<p>Spezielle ergotherapeutische Behandlungstechniken Typisch f\u00fcr die Ergotherapie ist, dass unterschiedliche Ans\u00e4tze individuell auf den Patienten zugeschnitten und ggf. kombiniert werden. M\u00f6gliche Behandlungsmethoden sind: Sensorische Integration ADL- Training Handwerklich- gestalterische T\u00e4tigkeiten [&hellip;]<\/p>\n","protected":false},"author":3,"featured_media":0,"parent":0,"menu_order":3,"comment_status":"closed","ping_status":"open","template":"","meta":{"footnotes":""},"class_list":["post-97","page","type-page","status-publish","hentry"],"_links":{"self":[{"href":"https:\/\/ergotherapie-kreuztal.de\/index.php?rest_route=\/wp\/v2\/pages\/97","targetHints":{"allow":["GET"]}}],"collection":[{"href":"https:\/\/ergotherapie-kreuztal.de\/index.php?rest_route=\/wp\/v2\/pages"}],"about":[{"href":"https:\/\/ergotherapie-kreuztal.de\/index.php?rest_route=\/wp\/v2\/types\/page"}],"author":[{"embeddable":true,"href":"https:\/\/ergotherapie-kreuztal.de\/index.php?rest_route=\/wp\/v2\/users\/3"}],"replies":[{"embeddable":true,"href":"https:\/\/ergotherapie-kreuztal.de\/index.php?rest_route=%2Fwp%2Fv2%2Fcomments&post=97"}],"version-history":[{"count":0,"href":"https:\/\/ergotherapie-kreuztal.de\/index.php?rest_route=\/wp\/v2\/pages\/97\/revisions"}],"wp:attachment":[{"href":"https:\/\/ergotherapie-kreuztal.de\/index.php?rest_route=%2Fwp%2Fv2%2Fmedia&parent=97"}],"curies":[{"name":"wp","href":"https:\/\/api.w.org\/{rel}","templated":true}]}}